{"id":109648,"date":"2020-08-07T11:32:52","date_gmt":"2020-08-07T09:32:52","guid":{"rendered":"https:\/\/mercyships.be\/?page_id=109648"},"modified":"2021-06-07T00:08:21","modified_gmt":"2021-06-06T22:08:21","slug":"don-collectif","status":"publish","type":"page","link":"https:\/\/mercyships.be\/fr\/don-collectif\/","title":{"rendered":"Faites un don collectif"},"content":{"rendered":"<div id='full_slider_1'  class='avia-fullwidth-slider main_color avia-shadow   avia-builder-el-0  el_before_av_section  avia-builder-el-first   container_wrap fullsize'  ><div  class='avia-slideshow av-ivtil74-dea4884306697e9b686c5495ea1c00af avia-slideshow-no scaling av_slideshow_full avia-slide-slider av-slideshow-ui av-control-default av-slideshow-manual av-loop-once av-loop-manual-endless  image_no_stretch avia-slideshow-1' data-slideshow-options=\"{&quot;animation&quot;:&quot;slide&quot;,&quot;autoplay&quot;:false,&quot;loop_autoplay&quot;:&quot;once&quot;,&quot;interval&quot;:5,&quot;loop_manual&quot;:&quot;manual-endless&quot;,&quot;autoplay_stopper&quot;:false,&quot;noNavigation&quot;:false,&quot;bg_slider&quot;:false,&quot;keep_padding&quot;:false,&quot;hoverpause&quot;:false,&quot;show_slide_delay&quot;:0}\"  itemprop=\"image\" itemscope=\"itemscope\" itemtype=\"https:\/\/schema.org\/ImageObject\" ><ul class='avia-slideshow-inner ' ><\/ul><\/div><\/div>\n\n<style type=\"text\/css\" data-created_by=\"avia_inline_auto\" id=\"style-css-av-fk76aog-aef51a865f666b43074b2ca2d681fbf1\">\n.avia-section.av-fk76aog-aef51a865f666b43074b2ca2d681fbf1{\nbackground-color:#ffffff;\nbackground-image:unset;\n}\n<\/style>\n<div id='av_section_1'  class='avia-section av-fk76aog-aef51a865f666b43074b2ca2d681fbf1 main_color avia-section-default avia-no-border-styling  avia-builder-el-1  el_after_av_slideshow_full  el_before_av_section  avia-bg-style-scroll container_wrap fullsize'  ><div class='container av-section-cont-open' ><div class='template-page content  av-content-full alpha units'><div class='post-entry post-entry-type-page post-entry-109648'><div class='entry-content-wrapper clearfix'>\n\n<style type=\"text\/css\" data-created_by=\"avia_inline_auto\" id=\"style-css-av-1au5xsg-91eded87dc27f4ec5a51397b38ee36b1\">\n.flex_column.av-1au5xsg-91eded87dc27f4ec5a51397b38ee36b1{\nborder-radius:0px 0px 0px 0px;\npadding:0px 0px 0px 0px;\n}\n<\/style>\n<div  class='flex_column av-1au5xsg-91eded87dc27f4ec5a51397b38ee36b1 av_one_fifth  avia-builder-el-2  el_before_av_three_fifth  avia-builder-el-first  first flex_column_div av-zero-column-padding  '     ><\/div>\n<style type=\"text\/css\" data-created_by=\"avia_inline_auto\" id=\"style-css-av-5ok8y34-4837e3a16ceeb011970f40c2746b99ce\">\n.flex_column.av-5ok8y34-4837e3a16ceeb011970f40c2746b99ce{\nborder-radius:0px 0px 0px 0px;\npadding:0px 0px 0px 0px;\n}\n<\/style>\n<div  class='flex_column av-5ok8y34-4837e3a16ceeb011970f40c2746b99ce av_three_fifth  avia-builder-el-3  el_after_av_one_fifth  avia-builder-el-last  flex_column_div av-zero-column-padding  '     ><p>\n<style type=\"text\/css\" data-created_by=\"avia_inline_auto\" id=\"style-css-av-av_heading-57222dd0a7bde1ffbc8abffaf469cc77\">\n#top .av-special-heading.av-av_heading-57222dd0a7bde1ffbc8abffaf469cc77{\npadding-bottom:10px;\n}\nbody .av-special-heading.av-av_heading-57222dd0a7bde1ffbc8abffaf469cc77 .av-special-heading-tag .heading-char{\nfont-size:25px;\n}\n.av-special-heading.av-av_heading-57222dd0a7bde1ffbc8abffaf469cc77 .av-subheading{\nfont-size:15px;\n}\n<\/style>\n<div  class='av-special-heading av-av_heading-57222dd0a7bde1ffbc8abffaf469cc77 av-special-heading-h2 blockquote modern-quote modern-centered  avia-builder-el-4  el_before_av_hr  avia-builder-el-first '><h2 class='av-special-heading-tag '  itemprop=\"headline\"  >Effectuez un don collectif<\/h2><div class=\"special-heading-border\"><div class=\"special-heading-inner-border\"><\/div><\/div><\/div><br \/>\n\n<style type=\"text\/css\" data-created_by=\"avia_inline_auto\" id=\"style-css-av-kdom8d78-eef52c4d28c4b7341680a7237f4fcec4\">\n#top .hr.av-kdom8d78-eef52c4d28c4b7341680a7237f4fcec4{\nmargin-top:5px;\nmargin-bottom:30px;\n}\n.hr.av-kdom8d78-eef52c4d28c4b7341680a7237f4fcec4 .hr-inner{\nwidth:50px;\nborder-color:#e6e8e8;\n}\n<\/style>\n<div  class='hr av-kdom8d78-eef52c4d28c4b7341680a7237f4fcec4 hr-custom  avia-builder-el-5  el_after_av_heading  el_before_av_textblock  hr-center hr-icon-no'><span class='hr-inner inner-border-av-border-fat'><span class=\"hr-inner-style\"><\/span><\/span><\/div><br \/>\n<section  class='av_textblock_section av-kdk15i28-55303114f89a1feac049aac3198d8a53 '   itemscope=\"itemscope\" itemtype=\"https:\/\/schema.org\/CreativeWork\" ><div class='avia_textblock'  itemprop=\"text\" ><p>Vous c\u00e9l\u00e9brez bient\u00f4t une naissance, un mariage, un anniversaire, une retraite, un jubil\u00e9e, une communion ou une f\u00eate de printemps? Vous y associez des cadeaux, bien s\u00fbr. Et si vous vous plaisiez \u00e0 faire na\u00eetre le sourire sur le visage d\u2019autrui plut\u00f4t que recevoir vous-m\u00eame un cadeau?<\/p>\n<p>Vous pourriez inviter votre famille et vos amis \u00e0 remplacer les cadeaux traditionnels par un don au profit de personnes qui en ont plus besoin. En faisant un don collectif \u00e0 Mercy Ships, vous soutenez nos projets en Afrique et vous contribuez aux op\u00e9rations urgentes \u00e0 bord de notre navire-h\u00f4pital.<\/p>\n<p><strong>Les dons de 40 euros et plus vous procurent en outre une attestation fiscale qui vous sera envoy\u00e9e automatiquement.<\/strong><\/p>\n<\/div><\/section><\/p><\/div><\/div><\/div><\/div><!-- close content main div --><\/div><\/div>\n<style type=\"text\/css\" data-created_by=\"avia_inline_auto\" id=\"style-css-av-kfirfldo-c87bcb677f3c1663765284e10750c5b4\">\n.avia-section.av-kfirfldo-c87bcb677f3c1663765284e10750c5b4{\nbackground-repeat:no-repeat;\nbackground-image:url(https:\/\/mercyships.be\/wp-content\/uploads\/2020\/09\/comingsoon9-1.jpg);\nbackground-position:50% 50%;\nbackground-attachment:scroll;\n}\n.avia-section.av-kfirfldo-c87bcb677f3c1663765284e10750c5b4 .av-section-color-overlay{\nopacity:0.5;\nbackground-color:#002663;\n}\n<\/style>\n<div id='av_section_2'  class='avia-section av-kfirfldo-c87bcb677f3c1663765284e10750c5b4 main_color avia-section-default avia-no-border-styling  avia-builder-el-7  el_after_av_section  avia-builder-el-last  avia-full-stretch avia-bg-style-scroll av-section-color-overlay-active container_wrap fullsize'  data-section-bg-repeat='stretch'><div class=\"av-section-color-overlay-wrap\"><div class=\"av-section-color-overlay\"><\/div><div class='container av-section-cont-open' ><div class='template-page content  av-content-full alpha units'><div class='post-entry post-entry-type-page post-entry-109648'><div class='entry-content-wrapper clearfix'>\n\n<style type=\"text\/css\" data-created_by=\"avia_inline_auto\" id=\"style-css-av-6d9qjv4-6c35083371e16f97ba7e77653204cc41\">\n#top .av-special-heading.av-6d9qjv4-6c35083371e16f97ba7e77653204cc41{\npadding-bottom:10px;\ncolor:#ffffff;\n}\nbody .av-special-heading.av-6d9qjv4-6c35083371e16f97ba7e77653204cc41 .av-special-heading-tag .heading-char{\nfont-size:25px;\n}\n.av-special-heading.av-6d9qjv4-6c35083371e16f97ba7e77653204cc41 .special-heading-inner-border{\nborder-color:#ffffff;\n}\n.av-special-heading.av-6d9qjv4-6c35083371e16f97ba7e77653204cc41 .av-subheading{\nfont-size:15px;\n}\n<\/style>\n<div  class='av-special-heading av-6d9qjv4-6c35083371e16f97ba7e77653204cc41 av-special-heading-h3 custom-color-heading blockquote modern-quote modern-centered  avia-builder-el-8  el_before_av_button  avia-builder-el-first '><h3 class='av-special-heading-tag '  itemprop=\"headline\"  >Besoin de conseils ou d\u2019inspiration?<\/h3><div class=\"special-heading-border\"><div class=\"special-heading-inner-border\"><\/div><\/div><\/div>\n<div  class='avia-button-wrap av-kcnf89av-2889a246e9a5f11750deca72c909c17a-wrap avia-button-center  avia-builder-el-9  el_after_av_heading  avia-builder-el-last '><a href='mailto:info@mercyships.be'  class='avia-button av-kcnf89av-2889a246e9a5f11750deca72c909c17a av-link-btn avia-icon_select-no avia-size-x-large avia-position-center avia-color-theme-color'   aria-label=\"Contactez-nous\"><span class='avia_iconbox_title' >Contactez-nous<\/span><\/a><\/div>\n<\/p>\n","protected":false},"excerpt":{"rendered":"","protected":false},"author":29,"featured_media":100747,"parent":0,"menu_order":0,"comment_status":"closed","ping_status":"closed","template":"","meta":{"_acf_changed":false,"footnotes":""},"class_list":["post-109648","page","type-page","status-publish","has-post-thumbnail","hentry"],"acf":[],"_links":{"self":[{"href":"https:\/\/mercyships.be\/fr\/wp-json\/wp\/v2\/pages\/109648","targetHints":{"allow":["GET"]}}],"collection":[{"href":"https:\/\/mercyships.be\/fr\/wp-json\/wp\/v2\/pages"}],"about":[{"href":"https:\/\/mercyships.be\/fr\/wp-json\/wp\/v2\/types\/page"}],"author":[{"embeddable":true,"href":"https:\/\/mercyships.be\/fr\/wp-json\/wp\/v2\/users\/29"}],"replies":[{"embeddable":true,"href":"https:\/\/mercyships.be\/fr\/wp-json\/wp\/v2\/comments?post=109648"}],"version-history":[{"count":6,"href":"https:\/\/mercyships.be\/fr\/wp-json\/wp\/v2\/pages\/109648\/revisions"}],"predecessor-version":[{"id":123939,"href":"https:\/\/mercyships.be\/fr\/wp-json\/wp\/v2\/pages\/109648\/revisions\/123939"}],"wp:featuredmedia":[{"embeddable":true,"href":"https:\/\/mercyships.be\/fr\/wp-json\/wp\/v2\/media\/100747"}],"wp:attachment":[{"href":"https:\/\/mercyships.be\/fr\/wp-json\/wp\/v2\/media?parent=109648"}],"curies":[{"name":"wp","href":"https:\/\/api.w.org\/{rel}","templated":true}]}}