{"id":110869,"date":"2020-08-05T14:04:07","date_gmt":"2020-08-05T12:04:07","guid":{"rendered":"https:\/\/mercyships.be\/?page_id=110869"},"modified":"2020-09-26T14:02:55","modified_gmt":"2020-09-26T12:02:55","slug":"agriculture","status":"publish","type":"page","link":"https:\/\/mercyships.be\/fr\/agriculture\/","title":{"rendered":"Agriculture"},"content":{"rendered":"<div id='full_slider_1'  class='avia-fullwidth-slider main_color avia-shadow   avia-builder-el-0  el_before_av_section  avia-builder-el-first   container_wrap fullsize'  ><div  class='avia-slideshow av-kbw2mum1-2ee2bd59736d2120ce116a50d6e3faaa avia-slideshow-featured av_slideshow_full avia-slide-slider av-slideshow-ui av-control-default av-slideshow-manual av-loop-once av-loop-manual-endless av-default-height-applied   avia-slideshow-1' data-slideshow-options=\"{&quot;animation&quot;:&quot;slide&quot;,&quot;autoplay&quot;:false,&quot;loop_autoplay&quot;:&quot;once&quot;,&quot;interval&quot;:5,&quot;loop_manual&quot;:&quot;manual-endless&quot;,&quot;autoplay_stopper&quot;:false,&quot;noNavigation&quot;:false,&quot;bg_slider&quot;:false,&quot;keep_padding&quot;:false,&quot;hoverpause&quot;:false,&quot;show_slide_delay&quot;:0}\"  itemprop=\"image\" itemscope=\"itemscope\" itemtype=\"https:\/\/schema.org\/ImageObject\" ><ul class='avia-slideshow-inner ' style='padding-bottom: 28.666666666667%;'><li  class='avia-slideshow-slide av-kbw2mum1-2ee2bd59736d2120ce116a50d6e3faaa__0  av-single-slide slide-1 slide-odd'><div data-rel='slideshow-1' class='avia-slide-wrap '   ><img decoding=\"async\" fetchpriority=\"high\" class=\"wp-image-107056 avia-img-lazy-loading-not-107056\"  src=\"https:\/\/mercyships.be\/wp-content\/uploads\/2020\/06\/agriculture2-1500x430.jpg\" width=\"1500\" height=\"430\" title='Participants of the Food For Life program water their fields.' alt='Landbouw Mercy Ships'  itemprop=\"thumbnailUrl\" srcset=\"https:\/\/mercyships.be\/wp-content\/uploads\/2020\/06\/agriculture2-1500x430.jpg 1500w, https:\/\/mercyships.be\/wp-content\/uploads\/2020\/06\/agriculture2-80x22.jpg 80w\" sizes=\"(max-width: 1500px) 100vw, 1500px\" \/><\/div><\/li><\/ul><\/div><\/div>\n\n<style type=\"text\/css\" data-created_by=\"avia_inline_auto\" id=\"style-css-av-gq68dkg-35a4618bb626dd697f53ec164b17e0e6\">\n.avia-section.av-gq68dkg-35a4618bb626dd697f53ec164b17e0e6{\nbackground-color:#ffffff;\nbackground-image:unset;\n}\n<\/style>\n<div id='av_section_1'  class='avia-section av-gq68dkg-35a4618bb626dd697f53ec164b17e0e6 main_color avia-section-default avia-no-border-styling  avia-builder-el-1  el_after_av_slideshow_full  el_before_av_section  avia-bg-style-scroll container_wrap fullsize'  ><div class='container av-section-cont-open' ><div class='template-page content  av-content-full alpha units'><div class='post-entry post-entry-type-page post-entry-110869'><div class='entry-content-wrapper clearfix'>\n\n<style type=\"text\/css\" data-created_by=\"avia_inline_auto\" id=\"style-css-av-bs0v168-14c825f3d3a987104474add6543d0a4a\">\n.flex_column.av-bs0v168-14c825f3d3a987104474add6543d0a4a{\nborder-radius:0px 0px 0px 0px;\npadding:0px 0px 0px 0px;\n}\n<\/style>\n<div  class='flex_column av-bs0v168-14c825f3d3a987104474add6543d0a4a av_one_fifth  avia-builder-el-2  el_before_av_three_fifth  avia-builder-el-first  first flex_column_div av-zero-column-padding  '     ><\/div>\n<style type=\"text\/css\" data-created_by=\"avia_inline_auto\" id=\"style-css-av-7lh65f4-c4492d470b5ba0904f81ed9850a86659\">\n.flex_column.av-7lh65f4-c4492d470b5ba0904f81ed9850a86659{\nborder-radius:0px 0px 0px 0px;\npadding:0px 0px 0px 0px;\n}\n<\/style>\n<div  class='flex_column av-7lh65f4-c4492d470b5ba0904f81ed9850a86659 av_three_fifth  avia-builder-el-3  el_after_av_one_fifth  avia-builder-el-last  flex_column_div av-zero-column-padding  '     ><p>\n<style type=\"text\/css\" data-created_by=\"avia_inline_auto\" id=\"style-css-av-av_heading-82bda703a4f4d2a2138917fb3c038df4\">\n#top .av-special-heading.av-av_heading-82bda703a4f4d2a2138917fb3c038df4{\npadding-bottom:10px;\n}\nbody .av-special-heading.av-av_heading-82bda703a4f4d2a2138917fb3c038df4 .av-special-heading-tag .heading-char{\nfont-size:25px;\n}\n.av-special-heading.av-av_heading-82bda703a4f4d2a2138917fb3c038df4 .av-subheading{\nfont-size:15px;\n}\n<\/style>\n<div  class='av-special-heading av-av_heading-82bda703a4f4d2a2138917fb3c038df4 av-special-heading-h2 blockquote modern-quote modern-centered  avia-builder-el-4  el_before_av_hr  avia-builder-el-first '><h2 class='av-special-heading-tag '  itemprop=\"headline\"  >Agriculture<\/h2><div class=\"special-heading-border\"><div class=\"special-heading-inner-border\"><\/div><\/div><\/div><br \/>\n\n<style type=\"text\/css\" data-created_by=\"avia_inline_auto\" id=\"style-css-av-kdom8d78-eef52c4d28c4b7341680a7237f4fcec4\">\n#top .hr.av-kdom8d78-eef52c4d28c4b7341680a7237f4fcec4{\nmargin-top:5px;\nmargin-bottom:30px;\n}\n.hr.av-kdom8d78-eef52c4d28c4b7341680a7237f4fcec4 .hr-inner{\nwidth:50px;\nborder-color:#e6e8e8;\n}\n<\/style>\n<div  class='hr av-kdom8d78-eef52c4d28c4b7341680a7237f4fcec4 hr-custom  avia-builder-el-5  el_after_av_heading  el_before_av_textblock  hr-center hr-icon-no'><span class='hr-inner inner-border-av-border-fat'><span class=\"hr-inner-style\"><\/span><\/span><\/div><br \/>\n<section  class='av_textblock_section av-kbw2q2i3-3292b968e4373704e7c1b842795c4dc8 '   itemscope=\"itemscope\" itemtype=\"https:\/\/schema.org\/CreativeWork\" ><div class='avia_textblock'  itemprop=\"text\" ><p>Mercy Ships reconna\u00eet que les personnes n\u2019ont pas seulement besoin de l\u2019acc\u00e8s aux soins de sant\u00e9 \u2013 elles ont aussi besoin de l\u2019acc\u00e8s \u00e0 l\u2019alimentation et \u00e0 la nutrition. Afin de relever ce d\u00e9fi, Mercy Ships a mis en \u0153uvre des programmes \u00ab Food for Life \u00bb depuis 1997.<\/p>\n<p>Les projets \u00ab Food for Life \u00bb ont eu un impact sur de nombreuses vies et ont form\u00e9 des personnes sur la fa\u00e7on durable de produire des cultures vivri\u00e8res et des aliments nutritionnels.<\/p>\n<p>Nos projets aident les autres \u00e0 d\u00e9couvrir de fa\u00e7on significative de meilleures m\u00e9thodes de production de nourriture et de pr\u00e9paration ; nous travaillons avec eux pour reconstruire, restaurer et renouveler leurs vies, leurs terres, leurs communaut\u00e9s et leurs pays \u00e0 travers un d\u00e9veloppement agricole biologique et holistique.<\/p>\n<\/div><\/section><\/p><\/div><\/div><\/div><\/div><!-- close content main div --><\/div><\/div>\n<style type=\"text\/css\" data-created_by=\"avia_inline_auto\" id=\"style-css-av-gq68dkg-b20e212186590ad40cb2868ee644c06c\">\n.avia-section.av-gq68dkg-b20e212186590ad40cb2868ee644c06c{\nbackground-color:#ffffff;\nbackground-image:unset;\n}\n<\/style>\n<div id='av_section_2'  class='avia-section av-gq68dkg-b20e212186590ad40cb2868ee644c06c main_color avia-section-small avia-no-border-styling  avia-builder-el-7  el_after_av_section  el_before_av_section  avia-bg-style-scroll container_wrap fullsize'  ><div class='container av-section-cont-open' ><div class='template-page content  av-content-full alpha units'><div class='post-entry post-entry-type-page post-entry-110869'><div class='entry-content-wrapper clearfix'>\n\n<style type=\"text\/css\" data-created_by=\"avia_inline_auto\" id=\"style-css-av-7lh65f4-04261478f93c86d0cad90d015096bdf2\">\n.flex_column.av-7lh65f4-04261478f93c86d0cad90d015096bdf2{\nborder-radius:0px 0px 0px 0px;\npadding:0px 0px 0px 0px;\n}\n<\/style>\n<div  class='flex_column av-7lh65f4-04261478f93c86d0cad90d015096bdf2 av_one_half  avia-builder-el-8  el_before_av_one_half  avia-builder-el-first  first flex_column_div av-zero-column-padding  '     ><style type=\"text\/css\" data-created_by=\"avia_inline_auto\" id=\"style-css-av-kbw2tuwn-ffa14e623087cf61c6503f8408b7c861\">\n.avia-image-container.av-kbw2tuwn-ffa14e623087cf61c6503f8408b7c861 img.avia_image{\nbox-shadow:none;\n}\n.avia-image-container.av-kbw2tuwn-ffa14e623087cf61c6503f8408b7c861 .av-image-caption-overlay-center{\ncolor:#ffffff;\n}\n<\/style>\n<div  class='avia-image-container av-kbw2tuwn-ffa14e623087cf61c6503f8408b7c861 av-styling- avia-align-center  avia-builder-el-9  avia-builder-el-no-sibling '   itemprop=\"image\" itemscope=\"itemscope\" itemtype=\"https:\/\/schema.org\/ImageObject\" ><div class=\"avia-image-container-inner\"><div class=\"avia-image-overlay-wrap\"><img decoding=\"async\" fetchpriority=\"high\" class='wp-image-44178 avia-img-lazy-loading-not-44178 avia_image ' src=\"https:\/\/mercyships.be\/wp-content\/uploads\/2016\/11\/CMA180126_AGRICULTURE_SITE_GREETING_ST001_HI-1024x683.jpg\" alt='landbouw' title='CMA180126_AGRICULTURE_SITE_GREETING_ST001_HI'  height=\"683\" width=\"1024\"  itemprop=\"thumbnailUrl\" srcset=\"https:\/\/mercyships.be\/wp-content\/uploads\/2016\/11\/CMA180126_AGRICULTURE_SITE_GREETING_ST001_HI-1024x683.jpg 1024w, https:\/\/mercyships.be\/wp-content\/uploads\/2016\/11\/CMA180126_AGRICULTURE_SITE_GREETING_ST001_HI-300x200.jpg 300w, https:\/\/mercyships.be\/wp-content\/uploads\/2016\/11\/CMA180126_AGRICULTURE_SITE_GREETING_ST001_HI-768x512.jpg 768w, https:\/\/mercyships.be\/wp-content\/uploads\/2016\/11\/CMA180126_AGRICULTURE_SITE_GREETING_ST001_HI-314x209.jpg 314w, https:\/\/mercyships.be\/wp-content\/uploads\/2016\/11\/CMA180126_AGRICULTURE_SITE_GREETING_ST001_HI-542x361.jpg 542w, https:\/\/mercyships.be\/wp-content\/uploads\/2016\/11\/CMA180126_AGRICULTURE_SITE_GREETING_ST001_HI-359x239.jpg 359w, https:\/\/mercyships.be\/wp-content\/uploads\/2016\/11\/CMA180126_AGRICULTURE_SITE_GREETING_ST001_HI-956x637.jpg 956w, https:\/\/mercyships.be\/wp-content\/uploads\/2016\/11\/CMA180126_AGRICULTURE_SITE_GREETING_ST001_HI-258x172.jpg 258w\" sizes=\"(max-width: 1024px) 100vw, 1024px\" \/><\/div><\/div><\/div><\/div>\n<style type=\"text\/css\" data-created_by=\"avia_inline_auto\" id=\"style-css-av-7lh65f4-c4492d470b5ba0904f81ed9850a86659\">\n.flex_column.av-7lh65f4-c4492d470b5ba0904f81ed9850a86659{\nborder-radius:0px 0px 0px 0px;\npadding:0px 0px 0px 0px;\n}\n<\/style>\n<div  class='flex_column av-7lh65f4-c4492d470b5ba0904f81ed9850a86659 av_one_half  avia-builder-el-10  el_after_av_one_half  avia-builder-el-last  flex_column_div av-zero-column-padding  '     ><style type=\"text\/css\" data-created_by=\"avia_inline_auto\" id=\"style-css-av-kbw2tuwn-0a80ff880d02445609f086b4b6a79f4e\">\n.avia-image-container.av-kbw2tuwn-0a80ff880d02445609f086b4b6a79f4e img.avia_image{\nbox-shadow:none;\n}\n.avia-image-container.av-kbw2tuwn-0a80ff880d02445609f086b4b6a79f4e .av-image-caption-overlay-center{\ncolor:#ffffff;\n}\n<\/style>\n<div  class='avia-image-container av-kbw2tuwn-0a80ff880d02445609f086b4b6a79f4e av-styling- avia-align-center  avia-builder-el-11  avia-builder-el-no-sibling '   itemprop=\"image\" itemscope=\"itemscope\" itemtype=\"https:\/\/schema.org\/ImageObject\" ><div class=\"avia-image-container-inner\"><div class=\"avia-image-overlay-wrap\"><img decoding=\"async\" fetchpriority=\"high\" class='wp-image-100784 avia-img-lazy-loading-not-100784 avia_image ' src=\"https:\/\/mercyships.be\/wp-content\/uploads\/2016\/11\/mercy-ships-blog-growing-a-better-future-2-1024x683.jpg\" alt='Landbouw Mercy Ships' title='mercy-ships-blog-growing-a-better-future-2'  height=\"683\" width=\"1024\"  itemprop=\"thumbnailUrl\" srcset=\"https:\/\/mercyships.be\/wp-content\/uploads\/2016\/11\/mercy-ships-blog-growing-a-better-future-2-1024x683.jpg 1024w, https:\/\/mercyships.be\/wp-content\/uploads\/2016\/11\/mercy-ships-blog-growing-a-better-future-2-300x200.jpg 300w, https:\/\/mercyships.be\/wp-content\/uploads\/2016\/11\/mercy-ships-blog-growing-a-better-future-2-150x100.jpg 150w, https:\/\/mercyships.be\/wp-content\/uploads\/2016\/11\/mercy-ships-blog-growing-a-better-future-2-768x512.jpg 768w, https:\/\/mercyships.be\/wp-content\/uploads\/2016\/11\/mercy-ships-blog-growing-a-better-future-2-1536x1024.jpg 1536w, https:\/\/mercyships.be\/wp-content\/uploads\/2016\/11\/mercy-ships-blog-growing-a-better-future-2-314x209.jpg 314w, https:\/\/mercyships.be\/wp-content\/uploads\/2016\/11\/mercy-ships-blog-growing-a-better-future-2-542x361.jpg 542w, https:\/\/mercyships.be\/wp-content\/uploads\/2016\/11\/mercy-ships-blog-growing-a-better-future-2-359x239.jpg 359w, https:\/\/mercyships.be\/wp-content\/uploads\/2016\/11\/mercy-ships-blog-growing-a-better-future-2-956x637.jpg 956w, https:\/\/mercyships.be\/wp-content\/uploads\/2016\/11\/mercy-ships-blog-growing-a-better-future-2-258x172.jpg 258w, https:\/\/mercyships.be\/wp-content\/uploads\/2016\/11\/mercy-ships-blog-growing-a-better-future-2.jpg 1620w\" sizes=\"(max-width: 1024px) 100vw, 1024px\" \/><\/div><\/div><\/div><\/div>\n<\/p>\n<\/div><\/div><\/div><!-- close content main div --><\/div><\/div>\n<style type=\"text\/css\" data-created_by=\"avia_inline_auto\" id=\"style-css-av-gq68dkg-35a4618bb626dd697f53ec164b17e0e6\">\n.avia-section.av-gq68dkg-35a4618bb626dd697f53ec164b17e0e6{\nbackground-color:#ffffff;\nbackground-image:unset;\n}\n<\/style>\n<div id='av_section_3'  class='avia-section av-gq68dkg-35a4618bb626dd697f53ec164b17e0e6 main_color avia-section-default avia-no-border-styling  avia-builder-el-12  el_after_av_section  el_before_av_section  avia-bg-style-scroll container_wrap fullsize'  ><div class='container av-section-cont-open' ><div class='template-page content  av-content-full alpha units'><div class='post-entry post-entry-type-page post-entry-110869'><div class='entry-content-wrapper clearfix'>\n\n<style type=\"text\/css\" data-created_by=\"avia_inline_auto\" id=\"style-css-av-bs0v168-14c825f3d3a987104474add6543d0a4a\">\n.flex_column.av-bs0v168-14c825f3d3a987104474add6543d0a4a{\nborder-radius:0px 0px 0px 0px;\npadding:0px 0px 0px 0px;\n}\n<\/style>\n<div  class='flex_column av-bs0v168-14c825f3d3a987104474add6543d0a4a av_one_fifth  avia-builder-el-13  el_before_av_three_fifth  avia-builder-el-first  first flex_column_div av-zero-column-padding  '     ><\/div>\n<style type=\"text\/css\" data-created_by=\"avia_inline_auto\" id=\"style-css-av-7lh65f4-c4492d470b5ba0904f81ed9850a86659\">\n.flex_column.av-7lh65f4-c4492d470b5ba0904f81ed9850a86659{\nborder-radius:0px 0px 0px 0px;\npadding:0px 0px 0px 0px;\n}\n<\/style>\n<div  class='flex_column av-7lh65f4-c4492d470b5ba0904f81ed9850a86659 av_three_fifth  avia-builder-el-14  el_after_av_one_fifth  avia-builder-el-last  flex_column_div av-zero-column-padding  '     ><section  class='av_textblock_section av-kbw2q2i3-3292b968e4373704e7c1b842795c4dc8 '   itemscope=\"itemscope\" itemtype=\"https:\/\/schema.org\/CreativeWork\" ><div class='avia_textblock'  itemprop=\"text\" ><h4>Le probl\u00e8me<\/h4>\n<p>Les pratiques agricoles dans une grande partie de l\u2019Afrique font plus de mal que de bien.<\/p>\n<p>L\u2019agriculture sur br\u00fblis, les pesticides, les herbicides et autres m\u00e9thodes, donnent de mauvaises r\u00e9coltes et \u00e9puisent les teneurs en \u00e9l\u00e9ments nutritifs du sol, le laissant ensuite infertile.<\/p>\n<h4>Statistiques (Source: World Hunger\/La Faim dans le Monde)<\/h4>\n<ul>\n<li>1 personne sur 4 demeure sous-aliment\u00e9e en Afrique sub-saharienne, 239 millions de personnes ont faim (ont un acc\u00e8s insuffisant \u00e0 la nourriture).<\/li>\n<li>Les enfants qui sont mal nourris souffrent de maladie jusqu\u2019\u00e0 160 jours par an. La mauvaise alimentation joue un r\u00f4le dans au moins 5 millions de d\u00e9c\u00e8s d\u2019enfants par an.<\/li>\n<\/ul>\n<\/div><\/section><\/div>\n\n<\/div><\/div><\/div><!-- close content main div --><\/div><\/div>\n<style type=\"text\/css\" data-created_by=\"avia_inline_auto\" id=\"style-css-av-gq68dkg-b20e212186590ad40cb2868ee644c06c\">\n.avia-section.av-gq68dkg-b20e212186590ad40cb2868ee644c06c{\nbackground-color:#ffffff;\nbackground-image:unset;\n}\n<\/style>\n<div id='av_section_4'  class='avia-section av-gq68dkg-b20e212186590ad40cb2868ee644c06c main_color avia-section-small avia-no-border-styling  avia-builder-el-16  el_after_av_section  el_before_av_section  avia-bg-style-scroll container_wrap fullsize'  ><div class='container av-section-cont-open' ><div class='template-page content  av-content-full alpha units'><div class='post-entry post-entry-type-page post-entry-110869'><div class='entry-content-wrapper clearfix'>\n\n<style type=\"text\/css\" data-created_by=\"avia_inline_auto\" id=\"style-css-av-7lh65f4-04261478f93c86d0cad90d015096bdf2\">\n.flex_column.av-7lh65f4-04261478f93c86d0cad90d015096bdf2{\nborder-radius:0px 0px 0px 0px;\npadding:0px 0px 0px 0px;\n}\n<\/style>\n<div  class='flex_column av-7lh65f4-04261478f93c86d0cad90d015096bdf2 av_one_half  avia-builder-el-17  el_before_av_one_half  avia-builder-el-first  first flex_column_div av-zero-column-padding  '     ><style type=\"text\/css\" data-created_by=\"avia_inline_auto\" id=\"style-css-av-kbw2tuwn-06580667804beba975f433dc7af2633e\">\n.avia-image-container.av-kbw2tuwn-06580667804beba975f433dc7af2633e img.avia_image{\nbox-shadow:none;\n}\n.avia-image-container.av-kbw2tuwn-06580667804beba975f433dc7af2633e .av-image-caption-overlay-center{\ncolor:#ffffff;\n}\n<\/style>\n<div  class='avia-image-container av-kbw2tuwn-06580667804beba975f433dc7af2633e av-styling- avia-align-center  avia-builder-el-18  avia-builder-el-no-sibling '   itemprop=\"image\" itemscope=\"itemscope\" itemtype=\"https:\/\/schema.org\/ImageObject\" ><div class=\"avia-image-container-inner\"><div class=\"avia-image-overlay-wrap\"><img decoding=\"async\" fetchpriority=\"high\" class='wp-image-1971 avia-img-lazy-loading-not-1971 avia_image ' src=\"https:\/\/mercyships.be\/wp-content\/uploads\/2016\/11\/MGB150324_AGRICULTURE_SITE_AQUAPONICS_KK0014_HI-1024x683.jpg\" alt='Landbouw Mercy Ships' title='mgb150324_agriculture_site_aquaponics_kk0014_hi'  height=\"683\" width=\"1024\"  itemprop=\"thumbnailUrl\" srcset=\"https:\/\/mercyships.be\/wp-content\/uploads\/2016\/11\/MGB150324_AGRICULTURE_SITE_AQUAPONICS_KK0014_HI-1024x683.jpg 1024w, https:\/\/mercyships.be\/wp-content\/uploads\/2016\/11\/MGB150324_AGRICULTURE_SITE_AQUAPONICS_KK0014_HI-300x200.jpg 300w, https:\/\/mercyships.be\/wp-content\/uploads\/2016\/11\/MGB150324_AGRICULTURE_SITE_AQUAPONICS_KK0014_HI-768x512.jpg 768w, https:\/\/mercyships.be\/wp-content\/uploads\/2016\/11\/MGB150324_AGRICULTURE_SITE_AQUAPONICS_KK0014_HI-314x209.jpg 314w\" sizes=\"(max-width: 1024px) 100vw, 1024px\" \/><\/div><\/div><\/div><\/div>\n<style type=\"text\/css\" data-created_by=\"avia_inline_auto\" id=\"style-css-av-7lh65f4-c4492d470b5ba0904f81ed9850a86659\">\n.flex_column.av-7lh65f4-c4492d470b5ba0904f81ed9850a86659{\nborder-radius:0px 0px 0px 0px;\npadding:0px 0px 0px 0px;\n}\n<\/style>\n<div  class='flex_column av-7lh65f4-c4492d470b5ba0904f81ed9850a86659 av_one_half  avia-builder-el-19  el_after_av_one_half  avia-builder-el-last  flex_column_div av-zero-column-padding  '     ><style type=\"text\/css\" data-created_by=\"avia_inline_auto\" id=\"style-css-av-kbw2tuwn-dbfa779be7860611fd25a0a0d19319b3\">\n.avia-image-container.av-kbw2tuwn-dbfa779be7860611fd25a0a0d19319b3 img.avia_image{\nbox-shadow:none;\n}\n.avia-image-container.av-kbw2tuwn-dbfa779be7860611fd25a0a0d19319b3 .av-image-caption-overlay-center{\ncolor:#ffffff;\n}\n<\/style>\n<div  class='avia-image-container av-kbw2tuwn-dbfa779be7860611fd25a0a0d19319b3 av-styling- avia-align-center  avia-builder-el-20  avia-builder-el-no-sibling '   itemprop=\"image\" itemscope=\"itemscope\" itemtype=\"https:\/\/schema.org\/ImageObject\" ><div class=\"avia-image-container-inner\"><div class=\"avia-image-overlay-wrap\"><img decoding=\"async\" fetchpriority=\"high\" class='wp-image-102395 avia-img-lazy-loading-not-102395 avia_image ' src=\"https:\/\/mercyships.be\/wp-content\/uploads\/2020\/05\/CMA180126_AGRICULTURE_SITE_ESSAH_ST005_HI-1030x687.jpg\" alt='Landbouw Mercy Ships' title='Eliphaz Essah, Agriculture Program Manager, giving a tour at the Ag Site.'  height=\"687\" width=\"1030\"  itemprop=\"thumbnailUrl\" srcset=\"https:\/\/mercyships.be\/wp-content\/uploads\/2020\/05\/CMA180126_AGRICULTURE_SITE_ESSAH_ST005_HI-1030x687.jpg 1030w, https:\/\/mercyships.be\/wp-content\/uploads\/2020\/05\/CMA180126_AGRICULTURE_SITE_ESSAH_ST005_HI-300x200.jpg 300w, https:\/\/mercyships.be\/wp-content\/uploads\/2020\/05\/CMA180126_AGRICULTURE_SITE_ESSAH_ST005_HI-80x53.jpg 80w, https:\/\/mercyships.be\/wp-content\/uploads\/2020\/05\/CMA180126_AGRICULTURE_SITE_ESSAH_ST005_HI-768x512.jpg 768w, https:\/\/mercyships.be\/wp-content\/uploads\/2020\/05\/CMA180126_AGRICULTURE_SITE_ESSAH_ST005_HI-1536x1024.jpg 1536w, https:\/\/mercyships.be\/wp-content\/uploads\/2020\/05\/CMA180126_AGRICULTURE_SITE_ESSAH_ST005_HI-2048x1365.jpg 2048w, https:\/\/mercyships.be\/wp-content\/uploads\/2020\/05\/CMA180126_AGRICULTURE_SITE_ESSAH_ST005_HI-1500x1000.jpg 1500w, https:\/\/mercyships.be\/wp-content\/uploads\/2020\/05\/CMA180126_AGRICULTURE_SITE_ESSAH_ST005_HI-705x470.jpg 705w\" sizes=\"(max-width: 1030px) 100vw, 1030px\" \/><\/div><\/div><\/div><\/div>\n\n<\/div><\/div><\/div><!-- close content main div --><\/div><\/div>\n<style type=\"text\/css\" data-created_by=\"avia_inline_auto\" id=\"style-css-av-gq68dkg-35a4618bb626dd697f53ec164b17e0e6\">\n.avia-section.av-gq68dkg-35a4618bb626dd697f53ec164b17e0e6{\nbackground-color:#ffffff;\nbackground-image:unset;\n}\n<\/style>\n<div id='av_section_5'  class='avia-section av-gq68dkg-35a4618bb626dd697f53ec164b17e0e6 main_color avia-section-default avia-no-border-styling  avia-builder-el-21  el_after_av_section  avia-builder-el-last  avia-bg-style-scroll container_wrap fullsize'  ><div class='container av-section-cont-open' ><div class='template-page content  av-content-full alpha units'><div class='post-entry post-entry-type-page post-entry-110869'><div class='entry-content-wrapper clearfix'>\n\n<style type=\"text\/css\" data-created_by=\"avia_inline_auto\" id=\"style-css-av-bs0v168-14c825f3d3a987104474add6543d0a4a\">\n.flex_column.av-bs0v168-14c825f3d3a987104474add6543d0a4a{\nborder-radius:0px 0px 0px 0px;\npadding:0px 0px 0px 0px;\n}\n<\/style>\n<div  class='flex_column av-bs0v168-14c825f3d3a987104474add6543d0a4a av_one_fifth  avia-builder-el-22  el_before_av_three_fifth  avia-builder-el-first  first flex_column_div av-zero-column-padding  '     ><\/div>\n<style type=\"text\/css\" data-created_by=\"avia_inline_auto\" id=\"style-css-av-7lh65f4-c4492d470b5ba0904f81ed9850a86659\">\n.flex_column.av-7lh65f4-c4492d470b5ba0904f81ed9850a86659{\nborder-radius:0px 0px 0px 0px;\npadding:0px 0px 0px 0px;\n}\n<\/style>\n<div  class='flex_column av-7lh65f4-c4492d470b5ba0904f81ed9850a86659 av_three_fifth  avia-builder-el-23  el_after_av_one_fifth  avia-builder-el-last  flex_column_div av-zero-column-padding  '     ><section  class='av_textblock_section av-kbw2q2i3-3292b968e4373704e7c1b842795c4dc8 '   itemscope=\"itemscope\" itemtype=\"https:\/\/schema.org\/CreativeWork\" ><div class='avia_textblock'  itemprop=\"text\" ><h4>Donner espoir et gu\u00e9rison<\/h4>\n<p>Les projets \u00ab Food for Life \u00bb travaillent de pair avec le calendrier de d\u00e9ploiement de Mercy Ships, offrant formations et ressources dans les pays servis par Mercy Ships. Le programme \u00ab Food for Life \u00bb se concentre sur l\u2019offre d\u2019opportunit\u00e9s de formation pour les formateurs, augmentant la capacit\u00e9 du pays \u00e0 subvenir aux besoins de ses habitants.<\/p>\n<p>Les formateurs stagiaires identifi\u00e9s par Mercy Ships proviennent d\u2019ONG locales qui travaillent d\u00e9j\u00e0 pour am\u00e9liorer l\u2019agriculture dans le pays d\u2019accueil. Le projet se d\u00e9roule en deux phases durant le d\u00e9ploiement du bateau.<\/p>\n<p>Une premi\u00e8re \u00e9tape consiste en un cours de 22 semaines et la deuxi\u00e8me comporte une assistance-suivi lorsque le stagiaire retourne sur le site de son ONG pour en former d\u2019autres. Lorsque les stagiaires ont termin\u00e9 le programme avec succ\u00e8s, on leur fournit des semences, des outils et autres ressources pour leur permettre de former \u00e0 leur tour leurs amis et leurs communaut\u00e9s.<\/p>\n<h4>Perp\u00e9tuer un h\u00e9ritage, une tradition<\/h4>\n<p>A travers son histoire et son exp\u00e9rience, le programme \u00ab Food for Life \u00bb a trouv\u00e9 que les projets les plus r\u00e9ussis et les plus p\u00e9rennes sont ceux qui ont re\u00e7u un soutien au-del\u00e0 de la dur\u00e9e du projet. De ce fait, Mercy Ships offre des activit\u00e9s de suivi cibl\u00e9es et concert\u00e9es, d\u00e9velopp\u00e9es sp\u00e9cifiquement pour chaque pays.<\/p>\n<\/div><\/section><\/div>\n\n","protected":false},"excerpt":{"rendered":"<p>Mercy Ships helpt lokale landbouwers in de armste landen om de opbrengst en kwaliteit van de landbouw te vergroten en de voedselvoorziening te verbeteren.<\/p>\n","protected":false},"author":29,"featured_media":0,"parent":0,"menu_order":0,"comment_status":"closed","ping_status":"closed","template":"","meta":{"_acf_changed":false,"footnotes":""},"class_list":["post-110869","page","type-page","status-publish","hentry"],"acf":[],"_links":{"self":[{"href":"https:\/\/mercyships.be\/fr\/wp-json\/wp\/v2\/pages\/110869","targetHints":{"allow":["GET"]}}],"collection":[{"href":"https:\/\/mercyships.be\/fr\/wp-json\/wp\/v2\/pages"}],"about":[{"href":"https:\/\/mercyships.be\/fr\/wp-json\/wp\/v2\/types\/page"}],"author":[{"embeddable":true,"href":"https:\/\/mercyships.be\/fr\/wp-json\/wp\/v2\/users\/29"}],"replies":[{"embeddable":true,"href":"https:\/\/mercyships.be\/fr\/wp-json\/wp\/v2\/comments?post=110869"}],"version-history":[{"count":2,"href":"https:\/\/mercyships.be\/fr\/wp-json\/wp\/v2\/pages\/110869\/revisions"}],"predecessor-version":[{"id":113937,"href":"https:\/\/mercyships.be\/fr\/wp-json\/wp\/v2\/pages\/110869\/revisions\/113937"}],"wp:attachment":[{"href":"https:\/\/mercyships.be\/fr\/wp-json\/wp\/v2\/media?parent=110869"}],"curies":[{"name":"wp","href":"https:\/\/api.w.org\/{rel}","templated":true}]}}