{"id":2177,"date":"2016-11-25T12:35:34","date_gmt":"2016-11-25T12:35:34","guid":{"rendered":"http:\/\/msbe.darwinstaging.com\/fr\/?page_id=2177"},"modified":"2024-07-15T15:31:13","modified_gmt":"2024-07-15T13:31:13","slug":"rejoignez-nous","status":"publish","type":"page","link":"https:\/\/mercyships.be\/fr\/rejoignez-nous\/","title":{"rendered":"Rejoignez-nous"},"content":{"rendered":"\n<style type=\"text\/css\" data-created_by=\"avia_inline_auto\" id=\"style-css-av-k9bmmfuw-b2a83d517bb7d3bda3748ebeef198896\">\n.avia-section.av-k9bmmfuw-b2a83d517bb7d3bda3748ebeef198896{\nbackground-color:#f7f7f7;\nbackground-image:unset;\n}\n<\/style>\n<div id='av_section_1'  class='avia-section av-k9bmmfuw-b2a83d517bb7d3bda3748ebeef198896 alternate_color avia-section-default avia-no-border-styling  avia-builder-el-0  el_before_av_section  avia-builder-el-first  ms-vertical-cards avia-bg-style-scroll container_wrap fullsize'  ><div class='container av-section-cont-open' ><main  role=\"main\" itemprop=\"mainContentOfPage\"  class='template-page content  av-content-full alpha units'><div class='post-entry post-entry-type-page post-entry-2177'><div class='entry-content-wrapper clearfix'>\n\n<style type=\"text\/css\" data-created_by=\"avia_inline_auto\" id=\"style-css-av-k9bmmbfu-b9addb3d94745a02e1ff51dfb6a1ba54\">\n@keyframes av_boxShadowEffect_av-k9bmmbfu-b9addb3d94745a02e1ff51dfb6a1ba54-column {\n0%   { box-shadow:  0 0 0 0 ; opacity: 1; }\n100% { box-shadow:  0 0 10px 0 ; opacity: 1; }\n}\n.flex_column.av-k9bmmbfu-b9addb3d94745a02e1ff51dfb6a1ba54{\nborder-width:1px;\nborder-color:#eaeff4;\nborder-style:solid;\nborder-radius:0px 0px 0px 0px;\npadding:0px 0px 0px 0px;\n}\n<\/style>\n<div  class='flex_column av-k9bmmbfu-b9addb3d94745a02e1ff51dfb6a1ba54 av_one_third  avia-builder-el-1  el_before_av_one_third  avia-builder-el-first  ms-card-image first flex_column_div av-zero-column-padding  '     ><p>\n<style type=\"text\/css\" data-created_by=\"avia_inline_auto\" id=\"style-css-av-k9bmogby-f469f8a06a3513bbdf45413d4348c516\">\n.avia-image-container.av-k9bmogby-f469f8a06a3513bbdf45413d4348c516 img.avia_image{\nbox-shadow:none;\n}\n.avia-image-container.av-k9bmogby-f469f8a06a3513bbdf45413d4348c516 .av-image-caption-overlay-center{\ncolor:#ffffff;\n}\n<\/style>\n<div  class='avia-image-container av-k9bmogby-f469f8a06a3513bbdf45413d4348c516 av-styling- av-img-linked avia-align-center  avia-builder-el-2  el_before_av_heading  avia-builder-el-first '   itemprop=\"image\" itemscope=\"itemscope\" itemtype=\"https:\/\/schema.org\/ImageObject\" ><div class=\"avia-image-container-inner\"><div class=\"avia-image-overlay-wrap\"><a href=\"https:\/\/mercyships.be\/fr\/don\/\" class='avia_image '  ><img decoding=\"async\" fetchpriority=\"high\" class='wp-image-111157 avia-img-lazy-loading-not-111157 avia_image ' src=\"https:\/\/mercyships.be\/wp-content\/uploads\/2020\/08\/75534747_4303508946356032_3499655283483919828_o-1030x688.jpeg\" alt='Faites un don Mercy Ships' title=''  height=\"688\" width=\"1030\"  itemprop=\"thumbnailUrl\" srcset=\"https:\/\/mercyships.be\/wp-content\/uploads\/2020\/08\/75534747_4303508946356032_3499655283483919828_o-1030x688.jpeg 1030w, https:\/\/mercyships.be\/wp-content\/uploads\/2020\/08\/75534747_4303508946356032_3499655283483919828_o-300x200.jpeg 300w, https:\/\/mercyships.be\/wp-content\/uploads\/2020\/08\/75534747_4303508946356032_3499655283483919828_o-80x53.jpeg 80w, https:\/\/mercyships.be\/wp-content\/uploads\/2020\/08\/75534747_4303508946356032_3499655283483919828_o-768x513.jpeg 768w, https:\/\/mercyships.be\/wp-content\/uploads\/2020\/08\/75534747_4303508946356032_3499655283483919828_o-1536x1025.jpeg 1536w, https:\/\/mercyships.be\/wp-content\/uploads\/2020\/08\/75534747_4303508946356032_3499655283483919828_o-1500x1001.jpeg 1500w, https:\/\/mercyships.be\/wp-content\/uploads\/2020\/08\/75534747_4303508946356032_3499655283483919828_o-705x471.jpeg 705w, https:\/\/mercyships.be\/wp-content\/uploads\/2020\/08\/75534747_4303508946356032_3499655283483919828_o.jpeg 2048w\" sizes=\"(max-width: 1030px) 100vw, 1030px\" \/><\/a><\/div><\/div><\/div><br \/>\n\n<style type=\"text\/css\" data-created_by=\"avia_inline_auto\" id=\"style-css-av-9kriy9-b3c97fe80d32fc9a43278c4fd76e5ad1\">\n#top .av-special-heading.av-9kriy9-b3c97fe80d32fc9a43278c4fd76e5ad1{\npadding-bottom:10px;\n}\nbody .av-special-heading.av-9kriy9-b3c97fe80d32fc9a43278c4fd76e5ad1 .av-special-heading-tag .heading-char{\nfont-size:25px;\n}\n.av-special-heading.av-9kriy9-b3c97fe80d32fc9a43278c4fd76e5ad1 .av-subheading{\nfont-size:15px;\n}\n<\/style>\n<div  class='av-special-heading av-9kriy9-b3c97fe80d32fc9a43278c4fd76e5ad1 av-special-heading-h3 blockquote modern-quote  avia-builder-el-3  el_after_av_image  el_before_av_textblock  av-linked-heading'><h3 class='av-special-heading-tag '  itemprop=\"headline\"  ><a class=\"av-heading-link\" href=\"https:\/\/mercyships.be\/fr\/don\/\" >Faites un don<\/a><\/h3><div class=\"special-heading-border\"><div class=\"special-heading-inner-border\"><\/div><\/div><\/div><br \/>\n<section  class='av_textblock_section av-8ca9p76-d5788711a984364316be4e292a97e82b '   itemscope=\"itemscope\" itemtype=\"https:\/\/schema.org\/CreativeWork\" ><div class='avia_textblock'  itemprop=\"text\" ><p>Votre soutien nous aidera \u00e0 sauver des vies et \u00e0 am\u00e9liorer la condition des personnes les plus d\u00e9munis.<\/p>\n<\/div><\/section><br \/>\n<div  class='avia-button-wrap av-k9bmrng1-6f756416b7e12e23b4700586a632bb73-wrap avia-button-left  avia-builder-el-5  el_after_av_textblock  avia-builder-el-last '><a href='https:\/\/mercyships.be\/fr\/don\/'  class='avia-button av-k9bmrng1-6f756416b7e12e23b4700586a632bb73 av-link-btn avia-icon_select-no avia-size-small avia-position-left avia-color-theme-color'   aria-label=\"Faites un don\"><span class='avia_iconbox_title' >Faites un don<\/span><\/a><\/div><\/p><\/div>\n<style type=\"text\/css\" data-created_by=\"avia_inline_auto\" id=\"style-css-av-k9bmmbfu-f136fb1aa82aaf735e1cc4a8fd09d389\">\n@keyframes av_boxShadowEffect_av-k9bmmbfu-f136fb1aa82aaf735e1cc4a8fd09d389-column {\n0%   { box-shadow:  0 0 0 0 ; opacity: 1; }\n100% { box-shadow:  0 0 10px 0 ; opacity: 1; }\n}\n.flex_column.av-k9bmmbfu-f136fb1aa82aaf735e1cc4a8fd09d389{\nborder-width:1px;\nborder-color:#eaeff4;\nborder-style:solid;\nborder-radius:0px 0px 0px 0px;\npadding:0px 0px 0px 0px;\n}\n<\/style>\n<div  class='flex_column av-k9bmmbfu-f136fb1aa82aaf735e1cc4a8fd09d389 av_one_third  avia-builder-el-6  el_after_av_one_third  el_before_av_one_third  ms-card-image flex_column_div av-zero-column-padding  '     ><p>\n<style type=\"text\/css\" data-created_by=\"avia_inline_auto\" id=\"style-css-av-k9bmogby-6a37e1a70f4c7ca0ac74aa5d5e69f230\">\n.avia-image-container.av-k9bmogby-6a37e1a70f4c7ca0ac74aa5d5e69f230 img.avia_image{\nbox-shadow:none;\n}\n.avia-image-container.av-k9bmogby-6a37e1a70f4c7ca0ac74aa5d5e69f230 .av-image-caption-overlay-center{\ncolor:#ffffff;\n}\n<\/style>\n<div  class='avia-image-container av-k9bmogby-6a37e1a70f4c7ca0ac74aa5d5e69f230 av-styling- av-img-linked avia-align-center  avia-builder-el-7  el_before_av_heading  avia-builder-el-first '   itemprop=\"image\" itemscope=\"itemscope\" itemtype=\"https:\/\/schema.org\/ImageObject\" ><div class=\"avia-image-container-inner\"><div class=\"avia-image-overlay-wrap\"><a href=\"https:\/\/mercyships.be\/fr\/devenez-benevole\/\" class='avia_image '  aria-label='Ward Nurse Kate Burton holds a patient on the dock.'><img decoding=\"async\" fetchpriority=\"high\" class='wp-image-102140 avia-img-lazy-loading-not-102140 avia_image ' src=\"https:\/\/mercyships.be\/wp-content\/uploads\/2020\/05\/BEE161116_KATE_BURTON_PATIENT_DOCK_KC0002_HI-1030x687.jpg\" alt='Word vrijwilliger Mercy Ships' title='Ward Nurse Kate Burton holds a patient on the dock.'  height=\"687\" width=\"1030\"  itemprop=\"thumbnailUrl\" srcset=\"https:\/\/mercyships.be\/wp-content\/uploads\/2020\/05\/BEE161116_KATE_BURTON_PATIENT_DOCK_KC0002_HI-1030x687.jpg 1030w, https:\/\/mercyships.be\/wp-content\/uploads\/2020\/05\/BEE161116_KATE_BURTON_PATIENT_DOCK_KC0002_HI-300x200.jpg 300w, https:\/\/mercyships.be\/wp-content\/uploads\/2020\/05\/BEE161116_KATE_BURTON_PATIENT_DOCK_KC0002_HI-80x53.jpg 80w, https:\/\/mercyships.be\/wp-content\/uploads\/2020\/05\/BEE161116_KATE_BURTON_PATIENT_DOCK_KC0002_HI-768x512.jpg 768w, https:\/\/mercyships.be\/wp-content\/uploads\/2020\/05\/BEE161116_KATE_BURTON_PATIENT_DOCK_KC0002_HI-1536x1024.jpg 1536w, https:\/\/mercyships.be\/wp-content\/uploads\/2020\/05\/BEE161116_KATE_BURTON_PATIENT_DOCK_KC0002_HI-2048x1365.jpg 2048w, https:\/\/mercyships.be\/wp-content\/uploads\/2020\/05\/BEE161116_KATE_BURTON_PATIENT_DOCK_KC0002_HI-1500x1000.jpg 1500w, https:\/\/mercyships.be\/wp-content\/uploads\/2020\/05\/BEE161116_KATE_BURTON_PATIENT_DOCK_KC0002_HI-705x470.jpg 705w\" sizes=\"(max-width: 1030px) 100vw, 1030px\" \/><\/a><\/div><\/div><\/div><br \/>\n\n<style type=\"text\/css\" data-created_by=\"avia_inline_auto\" id=\"style-css-av-73f075-a98991f6062dd6e3bbf688922b8db69d\">\n#top .av-special-heading.av-73f075-a98991f6062dd6e3bbf688922b8db69d{\npadding-bottom:10px;\n}\nbody .av-special-heading.av-73f075-a98991f6062dd6e3bbf688922b8db69d .av-special-heading-tag .heading-char{\nfont-size:25px;\n}\n.av-special-heading.av-73f075-a98991f6062dd6e3bbf688922b8db69d .av-subheading{\nfont-size:15px;\n}\n<\/style>\n<div  class='av-special-heading av-73f075-a98991f6062dd6e3bbf688922b8db69d av-special-heading-h3 blockquote modern-quote  avia-builder-el-8  el_after_av_image  el_before_av_textblock  av-linked-heading'><h3 class='av-special-heading-tag '  itemprop=\"headline\"  ><a class=\"av-heading-link\" href=\"https:\/\/mercyships.be\/fr\/devenez-benevole\/\" >Devenez b\u00e9n\u00e9vole<\/a><\/h3><div class=\"special-heading-border\"><div class=\"special-heading-inner-border\"><\/div><\/div><\/div><br \/>\n<section  class='av_textblock_section av-8ca9p76-d5788711a984364316be4e292a97e82b '   itemscope=\"itemscope\" itemtype=\"https:\/\/schema.org\/CreativeWork\" ><div class='avia_textblock'  itemprop=\"text\" ><p>L\u2019<em>Africa Mercy<\/em> accueille des professionnels offrant un large \u00e9ventail de comp\u00e9tences, tant dans le domaine m\u00e9dical que non-m\u00e9dical.<\/p>\n<\/div><\/section><br \/>\n<div  class='avia-button-wrap av-k9bmrng1-21ed35174295739ad5e1fae8379c9886-wrap avia-button-left  avia-builder-el-10  el_after_av_textblock  avia-builder-el-last '><a href='https:\/\/mercyships.be\/fr\/devenez-benevole\/'  class='avia-button av-k9bmrng1-21ed35174295739ad5e1fae8379c9886 av-link-btn avia-icon_select-no avia-size-small avia-position-left avia-color-theme-color'   aria-label=\"Devenez b\u00e9n\u00e9vole\"><span class='avia_iconbox_title' >Devenez b\u00e9n\u00e9vole<\/span><\/a><\/div><\/p><\/div>\n<style type=\"text\/css\" data-created_by=\"avia_inline_auto\" id=\"style-css-av-k9bmmbfu-f136fb1aa82aaf735e1cc4a8fd09d389\">\n@keyframes av_boxShadowEffect_av-k9bmmbfu-f136fb1aa82aaf735e1cc4a8fd09d389-column {\n0%   { box-shadow:  0 0 0 0 ; opacity: 1; }\n100% { box-shadow:  0 0 10px 0 ; opacity: 1; }\n}\n.flex_column.av-k9bmmbfu-f136fb1aa82aaf735e1cc4a8fd09d389{\nborder-width:1px;\nborder-color:#eaeff4;\nborder-style:solid;\nborder-radius:0px 0px 0px 0px;\npadding:0px 0px 0px 0px;\n}\n<\/style>\n<div  class='flex_column av-k9bmmbfu-f136fb1aa82aaf735e1cc4a8fd09d389 av_one_third  avia-builder-el-11  el_after_av_one_third  avia-builder-el-last  ms-card-image flex_column_div av-zero-column-padding  '     ><p>\n<style type=\"text\/css\" data-created_by=\"avia_inline_auto\" id=\"style-css-av-k9bmogby-6c0f7eb56ba6f983a4bf72ebfe744b08\">\n.avia-image-container.av-k9bmogby-6c0f7eb56ba6f983a4bf72ebfe744b08 img.avia_image{\nbox-shadow:none;\n}\n.avia-image-container.av-k9bmogby-6c0f7eb56ba6f983a4bf72ebfe744b08 .av-image-caption-overlay-center{\ncolor:#ffffff;\n}\n<\/style>\n<div  class='avia-image-container av-k9bmogby-6c0f7eb56ba6f983a4bf72ebfe744b08 av-styling- av-img-linked avia-align-center  avia-builder-el-12  el_before_av_heading  avia-builder-el-first '   itemprop=\"image\" itemscope=\"itemscope\" itemtype=\"https:\/\/schema.org\/ImageObject\" ><div class=\"avia-image-container-inner\"><div class=\"avia-image-overlay-wrap\"><a href=\"https:\/\/mercyships.be\/fr\/faites-un-legs\/\" class='avia_image '  aria-label='Aicha, eyes patient, with her mother at home after her surgery.'><img decoding=\"async\" fetchpriority=\"high\" class='wp-image-102143 avia-img-lazy-loading-not-102143 avia_image ' src=\"https:\/\/mercyships.be\/wp-content\/uploads\/2020\/05\/GND190321_AICHA_PAT30747_HOME_VISIT_AFTER_LA005_HI-1030x687.jpg\" alt='Mercy Ships legaten' title='Aicha, eyes patient, with her mother at home after her surgery.'  height=\"687\" width=\"1030\"  itemprop=\"thumbnailUrl\" srcset=\"https:\/\/mercyships.be\/wp-content\/uploads\/2020\/05\/GND190321_AICHA_PAT30747_HOME_VISIT_AFTER_LA005_HI-1030x687.jpg 1030w, https:\/\/mercyships.be\/wp-content\/uploads\/2020\/05\/GND190321_AICHA_PAT30747_HOME_VISIT_AFTER_LA005_HI-300x200.jpg 300w, https:\/\/mercyships.be\/wp-content\/uploads\/2020\/05\/GND190321_AICHA_PAT30747_HOME_VISIT_AFTER_LA005_HI-80x53.jpg 80w, https:\/\/mercyships.be\/wp-content\/uploads\/2020\/05\/GND190321_AICHA_PAT30747_HOME_VISIT_AFTER_LA005_HI-768x512.jpg 768w, https:\/\/mercyships.be\/wp-content\/uploads\/2020\/05\/GND190321_AICHA_PAT30747_HOME_VISIT_AFTER_LA005_HI-1536x1024.jpg 1536w, https:\/\/mercyships.be\/wp-content\/uploads\/2020\/05\/GND190321_AICHA_PAT30747_HOME_VISIT_AFTER_LA005_HI-2048x1365.jpg 2048w, https:\/\/mercyships.be\/wp-content\/uploads\/2020\/05\/GND190321_AICHA_PAT30747_HOME_VISIT_AFTER_LA005_HI-1500x1000.jpg 1500w, https:\/\/mercyships.be\/wp-content\/uploads\/2020\/05\/GND190321_AICHA_PAT30747_HOME_VISIT_AFTER_LA005_HI-705x470.jpg 705w\" sizes=\"(max-width: 1030px) 100vw, 1030px\" \/><\/a><\/div><\/div><\/div><br \/>\n\n<style type=\"text\/css\" data-created_by=\"avia_inline_auto\" id=\"style-css-av-5drcsh-d6900bec3ab99c18a0824fe6194a2ef5\">\n#top .av-special-heading.av-5drcsh-d6900bec3ab99c18a0824fe6194a2ef5{\npadding-bottom:10px;\n}\nbody .av-special-heading.av-5drcsh-d6900bec3ab99c18a0824fe6194a2ef5 .av-special-heading-tag .heading-char{\nfont-size:25px;\n}\n.av-special-heading.av-5drcsh-d6900bec3ab99c18a0824fe6194a2ef5 .av-subheading{\nfont-size:15px;\n}\n<\/style>\n<div  class='av-special-heading av-5drcsh-d6900bec3ab99c18a0824fe6194a2ef5 av-special-heading-h3 blockquote modern-quote  avia-builder-el-13  el_after_av_image  el_before_av_textblock  av-linked-heading'><h3 class='av-special-heading-tag '  itemprop=\"headline\"  ><a class=\"av-heading-link\" href=\"https:\/\/mercyships.be\/fr\/faites-un-legs\/\" >Faites un legs<\/a><\/h3><div class=\"special-heading-border\"><div class=\"special-heading-inner-border\"><\/div><\/div><\/div><br \/>\n<section  class='av_textblock_section av-8ca9p76-d5788711a984364316be4e292a97e82b '   itemscope=\"itemscope\" itemtype=\"https:\/\/schema.org\/CreativeWork\" ><div class='avia_textblock'  itemprop=\"text\" ><p>En pensant \u00e0 Mercy Ships lors de l\u2019\u00e9tablissement de votre testament, vous pouvez transformer des vies \u00e0 l\u2019avenir.<\/p>\n<\/div><\/section><br \/>\n<div  class='avia-button-wrap av-k9bmrng1-b99791888cd87e33bef4ba1d541953a4-wrap avia-button-left  avia-builder-el-15  el_after_av_textblock  avia-builder-el-last '><a href='https:\/\/mercyships.be\/fr\/faites-un-legs\/'  class='avia-button av-k9bmrng1-b99791888cd87e33bef4ba1d541953a4 av-link-btn avia-icon_select-no avia-size-small avia-position-left avia-color-theme-color'   aria-label=\"Faites un legs\"><span class='avia_iconbox_title' >Faites un legs<\/span><\/a><\/div><\/p><\/div><\/div><\/div><\/main><!-- close content main element --><\/div><\/div>\n<style type=\"text\/css\" data-created_by=\"avia_inline_auto\" id=\"style-css-av-k9bmmfuw-b2a83d517bb7d3bda3748ebeef198896\">\n.avia-section.av-k9bmmfuw-b2a83d517bb7d3bda3748ebeef198896{\nbackground-color:#f7f7f7;\nbackground-image:unset;\n}\n<\/style>\n<div id='av_section_2'  class='avia-section av-k9bmmfuw-b2a83d517bb7d3bda3748ebeef198896 alternate_color avia-section-default avia-no-border-styling  avia-builder-el-16  el_after_av_section  avia-builder-el-last  ms-vertical-cards avia-bg-style-scroll container_wrap fullsize'  ><div class='container av-section-cont-open' ><div class='template-page content  av-content-full alpha units'><div class='post-entry post-entry-type-page post-entry-2177'><div class='entry-content-wrapper clearfix'>\n\n<style type=\"text\/css\" data-created_by=\"avia_inline_auto\" id=\"style-css-av-k9bmmbfu-b9addb3d94745a02e1ff51dfb6a1ba54\">\n@keyframes av_boxShadowEffect_av-k9bmmbfu-b9addb3d94745a02e1ff51dfb6a1ba54-column {\n0%   { box-shadow:  0 0 0 0 ; opacity: 1; }\n100% { box-shadow:  0 0 10px 0 ; opacity: 1; }\n}\n.flex_column.av-k9bmmbfu-b9addb3d94745a02e1ff51dfb6a1ba54{\nborder-width:1px;\nborder-color:#eaeff4;\nborder-style:solid;\nborder-radius:0px 0px 0px 0px;\npadding:0px 0px 0px 0px;\n}\n<\/style>\n<div  class='flex_column av-k9bmmbfu-b9addb3d94745a02e1ff51dfb6a1ba54 av_one_third  avia-builder-el-17  el_before_av_one_third  avia-builder-el-first  ms-card-image first flex_column_div av-zero-column-padding  '     ><p>\n<style type=\"text\/css\" data-created_by=\"avia_inline_auto\" id=\"style-css-av-k9bmogby-8f65ec59bb2ef1c6ce5d78d5da10dbfb\">\n.avia-image-container.av-k9bmogby-8f65ec59bb2ef1c6ce5d78d5da10dbfb img.avia_image{\nbox-shadow:none;\n}\n.avia-image-container.av-k9bmogby-8f65ec59bb2ef1c6ce5d78d5da10dbfb .av-image-caption-overlay-center{\ncolor:#ffffff;\n}\n<\/style>\n<div  class='avia-image-container av-k9bmogby-8f65ec59bb2ef1c6ce5d78d5da10dbfb av-styling- av-img-linked avia-align-center  avia-builder-el-18  el_before_av_heading  avia-builder-el-first '   itemprop=\"image\" itemscope=\"itemscope\" itemtype=\"https:\/\/schema.org\/ImageObject\" ><div class=\"avia-image-container-inner\"><div class=\"avia-image-overlay-wrap\"><a href=\"https:\/\/mercyships.be\/fr\/devenez-partenaire\/\" class='avia_image '  ><img decoding=\"async\" fetchpriority=\"high\" class='wp-image-110969 avia-img-lazy-loading-not-110969 avia_image ' src=\"https:\/\/mercyships.be\/wp-content\/uploads\/2020\/08\/CMA180307_MSBE_VISION_TRIP_DAY3_RP049_HI-1030x688.jpg\" alt='Partenaire Mercy Ships' title=''  height=\"688\" width=\"1030\"  itemprop=\"thumbnailUrl\" srcset=\"https:\/\/mercyships.be\/wp-content\/uploads\/2020\/08\/CMA180307_MSBE_VISION_TRIP_DAY3_RP049_HI-1030x688.jpg 1030w, https:\/\/mercyships.be\/wp-content\/uploads\/2020\/08\/CMA180307_MSBE_VISION_TRIP_DAY3_RP049_HI-300x200.jpg 300w, https:\/\/mercyships.be\/wp-content\/uploads\/2020\/08\/CMA180307_MSBE_VISION_TRIP_DAY3_RP049_HI-80x53.jpg 80w, https:\/\/mercyships.be\/wp-content\/uploads\/2020\/08\/CMA180307_MSBE_VISION_TRIP_DAY3_RP049_HI-768x513.jpg 768w, https:\/\/mercyships.be\/wp-content\/uploads\/2020\/08\/CMA180307_MSBE_VISION_TRIP_DAY3_RP049_HI-1536x1025.jpg 1536w, https:\/\/mercyships.be\/wp-content\/uploads\/2020\/08\/CMA180307_MSBE_VISION_TRIP_DAY3_RP049_HI-2048x1367.jpg 2048w, https:\/\/mercyships.be\/wp-content\/uploads\/2020\/08\/CMA180307_MSBE_VISION_TRIP_DAY3_RP049_HI-1500x1001.jpg 1500w, https:\/\/mercyships.be\/wp-content\/uploads\/2020\/08\/CMA180307_MSBE_VISION_TRIP_DAY3_RP049_HI-705x471.jpg 705w\" sizes=\"(max-width: 1030px) 100vw, 1030px\" \/><\/a><\/div><\/div><\/div><br \/>\n\n<style type=\"text\/css\" data-created_by=\"avia_inline_auto\" id=\"style-css-av-gdw8x-df5c55d2e28802a2ad2403fe01d08b07\">\n#top .av-special-heading.av-gdw8x-df5c55d2e28802a2ad2403fe01d08b07{\npadding-bottom:10px;\n}\nbody .av-special-heading.av-gdw8x-df5c55d2e28802a2ad2403fe01d08b07 .av-special-heading-tag .heading-char{\nfont-size:25px;\n}\n.av-special-heading.av-gdw8x-df5c55d2e28802a2ad2403fe01d08b07 .av-subheading{\nfont-size:15px;\n}\n<\/style>\n<div  class='av-special-heading av-gdw8x-df5c55d2e28802a2ad2403fe01d08b07 av-special-heading-h3 blockquote modern-quote  avia-builder-el-19  el_after_av_image  el_before_av_textblock  av-linked-heading'><h3 class='av-special-heading-tag '  itemprop=\"headline\"  ><a class=\"av-heading-link\" href=\"https:\/\/mercyships.be\/fr\/devenez-partenaire\/\" >Devenez partenaire<\/a><\/h3><div class=\"special-heading-border\"><div class=\"special-heading-inner-border\"><\/div><\/div><\/div><br \/>\n<section  class='av_textblock_section av-8ca9p76-d5788711a984364316be4e292a97e82b '   itemscope=\"itemscope\" itemtype=\"https:\/\/schema.org\/CreativeWork\" ><div class='avia_textblock'  itemprop=\"text\" ><p>En soutenant Mercy Ships, votre entreprise peut vraiment changer la vie des plus d\u00e9munis de ce monde.<\/p>\n<\/div><\/section><br \/>\n<div  class='avia-button-wrap av-k9bmrng1-97deb272b532389bf378795e445bae50-wrap avia-button-left  avia-builder-el-21  el_after_av_textblock  avia-builder-el-last '><a href='https:\/\/mercyships.be\/fr\/devenez-partenaire\/'  class='avia-button av-k9bmrng1-97deb272b532389bf378795e445bae50 av-link-btn avia-icon_select-no avia-size-small avia-position-left avia-color-theme-color'   aria-label=\"Devenez partenaire\"><span class='avia_iconbox_title' >Devenez partenaire<\/span><\/a><\/div><\/p><\/div>\n<style type=\"text\/css\" data-created_by=\"avia_inline_auto\" id=\"style-css-av-k9bmmbfu-f136fb1aa82aaf735e1cc4a8fd09d389\">\n@keyframes av_boxShadowEffect_av-k9bmmbfu-f136fb1aa82aaf735e1cc4a8fd09d389-column {\n0%   { box-shadow:  0 0 0 0 ; opacity: 1; }\n100% { box-shadow:  0 0 10px 0 ; opacity: 1; }\n}\n.flex_column.av-k9bmmbfu-f136fb1aa82aaf735e1cc4a8fd09d389{\nborder-width:1px;\nborder-color:#eaeff4;\nborder-style:solid;\nborder-radius:0px 0px 0px 0px;\npadding:0px 0px 0px 0px;\n}\n<\/style>\n<div  class='flex_column av-k9bmmbfu-f136fb1aa82aaf735e1cc4a8fd09d389 av_one_third  avia-builder-el-22  el_after_av_one_third  avia-builder-el-last  ms-card-image flex_column_div av-zero-column-padding  '     ><p>\n<style type=\"text\/css\" data-created_by=\"avia_inline_auto\" id=\"style-css-av-k9bmogby-bda215bb679c80978bd77dd1446db7eb\">\n.avia-image-container.av-k9bmogby-bda215bb679c80978bd77dd1446db7eb img.avia_image{\nbox-shadow:none;\n}\n.avia-image-container.av-k9bmogby-bda215bb679c80978bd77dd1446db7eb .av-image-caption-overlay-center{\ncolor:#ffffff;\n}\n<\/style>\n<div  class='avia-image-container av-k9bmogby-bda215bb679c80978bd77dd1446db7eb av-styling- av-img-linked avia-align-center  avia-builder-el-23  el_before_av_heading  avia-builder-el-first '   itemprop=\"image\" itemscope=\"itemscope\" itemtype=\"https:\/\/schema.org\/ImageObject\" ><div class=\"avia-image-container-inner\"><div class=\"avia-image-overlay-wrap\"><a href=\"https:\/\/mercyships.be\/fr\/don-collectif\/\" class='avia_image '  ><img decoding=\"async\" fetchpriority=\"high\" class='wp-image-111146 avia-img-lazy-loading-not-111146 avia_image ' src=\"https:\/\/mercyships.be\/wp-content\/uploads\/2020\/08\/99421171_4135605719813023_5935455652712284160_o-1030x686.jpg\" alt='Don collectif Mercy Ships' title=''  height=\"686\" width=\"1030\"  itemprop=\"thumbnailUrl\" srcset=\"https:\/\/mercyships.be\/wp-content\/uploads\/2020\/08\/99421171_4135605719813023_5935455652712284160_o-1030x686.jpg 1030w, https:\/\/mercyships.be\/wp-content\/uploads\/2020\/08\/99421171_4135605719813023_5935455652712284160_o-300x200.jpg 300w, https:\/\/mercyships.be\/wp-content\/uploads\/2020\/08\/99421171_4135605719813023_5935455652712284160_o-80x53.jpg 80w, https:\/\/mercyships.be\/wp-content\/uploads\/2020\/08\/99421171_4135605719813023_5935455652712284160_o-768x512.jpg 768w, https:\/\/mercyships.be\/wp-content\/uploads\/2020\/08\/99421171_4135605719813023_5935455652712284160_o-1536x1024.jpg 1536w, https:\/\/mercyships.be\/wp-content\/uploads\/2020\/08\/99421171_4135605719813023_5935455652712284160_o-1500x1000.jpg 1500w, https:\/\/mercyships.be\/wp-content\/uploads\/2020\/08\/99421171_4135605719813023_5935455652712284160_o-705x470.jpg 705w, https:\/\/mercyships.be\/wp-content\/uploads\/2020\/08\/99421171_4135605719813023_5935455652712284160_o.jpg 2048w\" sizes=\"(max-width: 1030px) 100vw, 1030px\" \/><\/a><\/div><\/div><\/div><br \/>\n\n<style type=\"text\/css\" data-created_by=\"avia_inline_auto\" id=\"style-css-av-2snsxd-6eb57c227c5e16a7b6d58584a8a9c895\">\n#top .av-special-heading.av-2snsxd-6eb57c227c5e16a7b6d58584a8a9c895{\npadding-bottom:10px;\n}\nbody .av-special-heading.av-2snsxd-6eb57c227c5e16a7b6d58584a8a9c895 .av-special-heading-tag .heading-char{\nfont-size:25px;\n}\n.av-special-heading.av-2snsxd-6eb57c227c5e16a7b6d58584a8a9c895 .av-subheading{\nfont-size:15px;\n}\n<\/style>\n<div  class='av-special-heading av-2snsxd-6eb57c227c5e16a7b6d58584a8a9c895 av-special-heading-h3 blockquote modern-quote  avia-builder-el-24  el_after_av_image  el_before_av_textblock  av-linked-heading'><h3 class='av-special-heading-tag '  itemprop=\"headline\"  ><a class=\"av-heading-link\" href=\"https:\/\/mercyships.be\/fr\/don-collectif\/\" >Faites un don collectif<\/a><\/h3><div class=\"special-heading-border\"><div class=\"special-heading-inner-border\"><\/div><\/div><\/div><br \/>\n<section  class='av_textblock_section av-8ca9p76-d5788711a984364316be4e292a97e82b '   itemscope=\"itemscope\" itemtype=\"https:\/\/schema.org\/CreativeWork\" ><div class='avia_textblock'  itemprop=\"text\" ><p>Et si vous vous plaisiez \u00e0 faire na\u00eetre le sourire sur le visage d\u2019autrui plut\u00f4t que recevoir vous-m\u00eame un cadeau?<\/p>\n<\/div><\/section><br \/>\n<div  class='avia-button-wrap av-k9bmrng1-06d00a24d61dbd3e7f8d73b440009aa4-wrap avia-button-left  avia-builder-el-26  el_after_av_textblock  avia-builder-el-last '><a href='https:\/\/mercyships.be\/fr\/don-collectif\/'  class='avia-button av-k9bmrng1-06d00a24d61dbd3e7f8d73b440009aa4 av-link-btn avia-icon_select-no avia-size-small avia-position-left avia-color-theme-color'   aria-label=\"Faites un don collectif\"><span class='avia_iconbox_title' >Faites un don collectif<\/span><\/a><\/div><\/p><\/div><\/p>\n","protected":false},"excerpt":{"rendered":"","protected":false},"author":4,"featured_media":97985,"parent":0,"menu_order":0,"comment_status":"closed","ping_status":"closed","template":"","meta":{"_acf_changed":false,"footnotes":""},"class_list":["post-2177","page","type-page","status-publish","has-post-thumbnail","hentry"],"acf":[],"_links":{"self":[{"href":"https:\/\/mercyships.be\/fr\/wp-json\/wp\/v2\/pages\/2177","targetHints":{"allow":["GET"]}}],"collection":[{"href":"https:\/\/mercyships.be\/fr\/wp-json\/wp\/v2\/pages"}],"about":[{"href":"https:\/\/mercyships.be\/fr\/wp-json\/wp\/v2\/types\/page"}],"author":[{"embeddable":true,"href":"https:\/\/mercyships.be\/fr\/wp-json\/wp\/v2\/users\/4"}],"replies":[{"embeddable":true,"href":"https:\/\/mercyships.be\/fr\/wp-json\/wp\/v2\/comments?post=2177"}],"version-history":[{"count":6,"href":"https:\/\/mercyships.be\/fr\/wp-json\/wp\/v2\/pages\/2177\/revisions"}],"predecessor-version":[{"id":153150,"href":"https:\/\/mercyships.be\/fr\/wp-json\/wp\/v2\/pages\/2177\/revisions\/153150"}],"wp:featuredmedia":[{"embeddable":true,"href":"https:\/\/mercyships.be\/fr\/wp-json\/wp\/v2\/media\/97985"}],"wp:attachment":[{"href":"https:\/\/mercyships.be\/fr\/wp-json\/wp\/v2\/media?parent=2177"}],"curies":[{"name":"wp","href":"https:\/\/api.w.org\/{rel}","templated":true}]}}