{"id":2255,"date":"2016-11-26T11:04:51","date_gmt":"2016-11-26T11:04:51","guid":{"rendered":"http:\/\/msbe.darwinstaging.com\/fr\/?page_id=2255"},"modified":"2021-05-08T18:52:38","modified_gmt":"2021-05-08T16:52:38","slug":"verhalen","status":"publish","type":"page","link":"https:\/\/mercyships.be\/fr\/verhalen\/","title":{"rendered":"Verhalen"},"content":{"rendered":"\n<style type=\"text\/css\" data-created_by=\"avia_inline_auto\" id=\"style-css-av-k9bmmfuw-b2a83d517bb7d3bda3748ebeef198896\">\n.avia-section.av-k9bmmfuw-b2a83d517bb7d3bda3748ebeef198896{\nbackground-color:#f7f7f7;\nbackground-image:unset;\n}\n<\/style>\n<div id='av_section_1'  class='avia-section av-k9bmmfuw-b2a83d517bb7d3bda3748ebeef198896 alternate_color avia-section-default avia-no-border-styling  avia-builder-el-0  avia-builder-el-no-sibling  ms-vertical-cards avia-bg-style-scroll container_wrap fullsize'  ><div class='container av-section-cont-open' ><main  role=\"main\" itemprop=\"mainContentOfPage\"  class='template-page content  av-content-full alpha units'><div class='post-entry post-entry-type-page post-entry-2255'><div class='entry-content-wrapper clearfix'>\n\n<style type=\"text\/css\" data-created_by=\"avia_inline_auto\" id=\"style-css-av-k9bmmbfu-e46bb437ff39450f4d2fe3e0b4dab7d5\">\n.flex_column.av-k9bmmbfu-e46bb437ff39450f4d2fe3e0b4dab7d5{\nborder-width:1px;\nborder-color:#eaeff4;\nborder-style:solid;\nborder-radius:0px 0px 0px 0px;\npadding:0px 0px 0px 0px;\n}\n<\/style>\n<div  class='flex_column av-k9bmmbfu-e46bb437ff39450f4d2fe3e0b4dab7d5 av_one_half  avia-builder-el-1  el_before_av_one_half  avia-builder-el-first  ms-card-image first flex_column_div av-zero-column-padding  '     ><p>\n<style type=\"text\/css\" data-created_by=\"avia_inline_auto\" id=\"style-css-av-k9bmogby-2a1ad32d28e9e13a49d322aed269a9ea\">\n.avia-image-container.av-k9bmogby-2a1ad32d28e9e13a49d322aed269a9ea img.avia_image{\nbox-shadow:none;\n}\n.avia-image-container.av-k9bmogby-2a1ad32d28e9e13a49d322aed269a9ea .av-image-caption-overlay-center{\ncolor:#ffffff;\n}\n<\/style>\n<div  class='avia-image-container av-k9bmogby-2a1ad32d28e9e13a49d322aed269a9ea av-styling- av-img-linked avia-align-center  avia-builder-el-2  el_before_av_heading  avia-builder-el-first '   itemprop=\"image\" itemscope=\"itemscope\" itemtype=\"https:\/\/schema.org\/ImageObject\" ><div class=\"avia-image-container-inner\"><div class=\"avia-image-overlay-wrap\"><a href=\"https:\/\/mercyships.be\/fr\/recits-de-patients\/\" class='avia_image '  aria-label='Houleye, maxillofacial patient, after her surgery.'><img decoding=\"async\" fetchpriority=\"high\" class='wp-image-113346 avia-img-lazy-loading-not-113346 avia_image ' src=\"https:\/\/mercyships.be\/wp-content\/uploads\/2020\/09\/SNB200102_HOULEYE_PAT09502_AFTER_LA002_HI-scaled.jpg\" alt='Verhalen Mercy Ships' title='Houleye, maxillofacial patient, after her surgery.'  height=\"1707\" width=\"2560\"  itemprop=\"thumbnailUrl\" srcset=\"https:\/\/mercyships.be\/wp-content\/uploads\/2020\/09\/SNB200102_HOULEYE_PAT09502_AFTER_LA002_HI-scaled.jpg 2560w, https:\/\/mercyships.be\/wp-content\/uploads\/2020\/09\/SNB200102_HOULEYE_PAT09502_AFTER_LA002_HI-300x200.jpg 300w, https:\/\/mercyships.be\/wp-content\/uploads\/2020\/09\/SNB200102_HOULEYE_PAT09502_AFTER_LA002_HI-1030x687.jpg 1030w, https:\/\/mercyships.be\/wp-content\/uploads\/2020\/09\/SNB200102_HOULEYE_PAT09502_AFTER_LA002_HI-80x53.jpg 80w, https:\/\/mercyships.be\/wp-content\/uploads\/2020\/09\/SNB200102_HOULEYE_PAT09502_AFTER_LA002_HI-768x512.jpg 768w, https:\/\/mercyships.be\/wp-content\/uploads\/2020\/09\/SNB200102_HOULEYE_PAT09502_AFTER_LA002_HI-1536x1024.jpg 1536w, https:\/\/mercyships.be\/wp-content\/uploads\/2020\/09\/SNB200102_HOULEYE_PAT09502_AFTER_LA002_HI-2048x1365.jpg 2048w, https:\/\/mercyships.be\/wp-content\/uploads\/2020\/09\/SNB200102_HOULEYE_PAT09502_AFTER_LA002_HI-1500x1000.jpg 1500w, https:\/\/mercyships.be\/wp-content\/uploads\/2020\/09\/SNB200102_HOULEYE_PAT09502_AFTER_LA002_HI-705x470.jpg 705w\" sizes=\"(max-width: 2560px) 100vw, 2560px\" \/><\/a><\/div><\/div><\/div><br \/>\n\n<style type=\"text\/css\" data-created_by=\"avia_inline_auto\" id=\"style-css-av-av_heading-7b7aa0b7b545a979fa467c822d24f161\">\n#top .av-special-heading.av-av_heading-7b7aa0b7b545a979fa467c822d24f161{\npadding-bottom:10px;\n}\nbody .av-special-heading.av-av_heading-7b7aa0b7b545a979fa467c822d24f161 .av-special-heading-tag .heading-char{\nfont-size:25px;\n}\n.av-special-heading.av-av_heading-7b7aa0b7b545a979fa467c822d24f161 .av-subheading{\nfont-size:15px;\n}\n<\/style>\n<div  class='av-special-heading av-av_heading-7b7aa0b7b545a979fa467c822d24f161 av-special-heading-h3 blockquote modern-quote  avia-builder-el-3  el_after_av_image  el_before_av_textblock  av-linked-heading'><h3 class='av-special-heading-tag '  itemprop=\"headline\"  ><a class=\"av-heading-link\" href=\"https:\/\/mercyships.be\/fr\/recits-de-patients\/\" >Histoires de patients<\/a><\/h3><div class=\"special-heading-border\"><div class=\"special-heading-inner-border\"><\/div><\/div><\/div><br \/>\n<section  class='av_textblock_section av-8ca9p76-d5788711a984364316be4e292a97e82b '   itemscope=\"itemscope\" itemtype=\"https:\/\/schema.org\/CreativeWork\" ><div class='avia_textblock'  itemprop=\"text\" ><p>Deux personnes sur trois dans le monde ne b\u00e9n\u00e9ficient pas d\u2019un acc\u00e8s suffisant aux soins chirurgicaux. Derri\u00e8re chaque statistique se cache une personne qui a besoin de notre aide pour retrouver espoir et dignit\u00e9.<\/p>\n<\/div><\/section><br \/>\n<div  class='avia-button-wrap av-k9bmrng1-0ce890f73ef0f703b034eaf64211efb1-wrap avia-button-left  avia-builder-el-5  el_after_av_textblock  avia-builder-el-last '><a href='https:\/\/mercyships.be\/fr\/recits-de-patients\/'  class='avia-button av-k9bmrng1-0ce890f73ef0f703b034eaf64211efb1 av-link-btn avia-icon_select-no avia-size-small avia-position-left avia-color-theme-color'   aria-label=\"Rencontrez nos patients\"><span class='avia_iconbox_title' >Rencontrez nos patients<\/span><\/a><\/div><\/p><\/div>\n<style type=\"text\/css\" data-created_by=\"avia_inline_auto\" id=\"style-css-av-k9bmmbfu-d05cfbb035877b5cff64ca06ca1fa929\">\n.flex_column.av-k9bmmbfu-d05cfbb035877b5cff64ca06ca1fa929{\nborder-width:1px;\nborder-color:#eaeff4;\nborder-style:solid;\nborder-radius:0px 0px 0px 0px;\npadding:0px 0px 0px 0px;\n}\n<\/style>\n<div  class='flex_column av-k9bmmbfu-d05cfbb035877b5cff64ca06ca1fa929 av_one_half  avia-builder-el-6  el_after_av_one_half  avia-builder-el-last  ms-card-image flex_column_div av-zero-column-padding  '     ><p>\n<style type=\"text\/css\" data-created_by=\"avia_inline_auto\" id=\"style-css-av-k9bmogby-01592bca00167ff59b404b7eceb2370f\">\n.avia-image-container.av-k9bmogby-01592bca00167ff59b404b7eceb2370f img.avia_image{\nbox-shadow:none;\n}\n.avia-image-container.av-k9bmogby-01592bca00167ff59b404b7eceb2370f .av-image-caption-overlay-center{\ncolor:#ffffff;\n}\n<\/style>\n<div  class='avia-image-container av-k9bmogby-01592bca00167ff59b404b7eceb2370f av-styling- av-img-linked avia-align-center  avia-builder-el-7  el_before_av_heading  avia-builder-el-first '   itemprop=\"image\" itemscope=\"itemscope\" itemtype=\"https:\/\/schema.org\/ImageObject\" ><div class=\"avia-image-container-inner\"><div class=\"avia-image-overlay-wrap\"><a href=\"https:\/\/mercyships.be\/fr\/recits-de-benevoles\/\" class='avia_image '  aria-label='Jos Claes, Otolaryngology Surgeon, with a maxillofacial patients after surgery.'><img decoding=\"async\" fetchpriority=\"high\" class='wp-image-110305 avia-img-lazy-loading-not-110305 avia_image ' src=\"https:\/\/mercyships.be\/wp-content\/uploads\/2020\/08\/GND181011_COM817_CLAES_WARD_LA002_HI-1030x687.jpg\" alt='Medisch vrijwilligerswerk' title='Jos Claes, Otolaryngology Surgeon, with a maxillofacial patients after surgery.'  height=\"687\" width=\"1030\"  itemprop=\"thumbnailUrl\" srcset=\"https:\/\/mercyships.be\/wp-content\/uploads\/2020\/08\/GND181011_COM817_CLAES_WARD_LA002_HI-1030x687.jpg 1030w, https:\/\/mercyships.be\/wp-content\/uploads\/2020\/08\/GND181011_COM817_CLAES_WARD_LA002_HI-300x200.jpg 300w, https:\/\/mercyships.be\/wp-content\/uploads\/2020\/08\/GND181011_COM817_CLAES_WARD_LA002_HI-80x53.jpg 80w, https:\/\/mercyships.be\/wp-content\/uploads\/2020\/08\/GND181011_COM817_CLAES_WARD_LA002_HI-768x512.jpg 768w, https:\/\/mercyships.be\/wp-content\/uploads\/2020\/08\/GND181011_COM817_CLAES_WARD_LA002_HI-1536x1024.jpg 1536w, https:\/\/mercyships.be\/wp-content\/uploads\/2020\/08\/GND181011_COM817_CLAES_WARD_LA002_HI-2048x1365.jpg 2048w, https:\/\/mercyships.be\/wp-content\/uploads\/2020\/08\/GND181011_COM817_CLAES_WARD_LA002_HI-1500x1000.jpg 1500w, https:\/\/mercyships.be\/wp-content\/uploads\/2020\/08\/GND181011_COM817_CLAES_WARD_LA002_HI-705x470.jpg 705w\" sizes=\"(max-width: 1030px) 100vw, 1030px\" \/><\/a><\/div><\/div><\/div><br \/>\n\n<style type=\"text\/css\" data-created_by=\"avia_inline_auto\" id=\"style-css-av-av_heading-97217ed5b2a87aa166b406926467328d\">\n#top .av-special-heading.av-av_heading-97217ed5b2a87aa166b406926467328d{\npadding-bottom:10px;\n}\nbody .av-special-heading.av-av_heading-97217ed5b2a87aa166b406926467328d .av-special-heading-tag .heading-char{\nfont-size:25px;\n}\n.av-special-heading.av-av_heading-97217ed5b2a87aa166b406926467328d .av-subheading{\nfont-size:15px;\n}\n<\/style>\n<div  class='av-special-heading av-av_heading-97217ed5b2a87aa166b406926467328d av-special-heading-h3 blockquote modern-quote  avia-builder-el-8  el_after_av_image  el_before_av_textblock  av-linked-heading'><h3 class='av-special-heading-tag '  itemprop=\"headline\"  ><a class=\"av-heading-link\" href=\"https:\/\/mercyships.be\/fr\/recits-de-benevoles\/\" >Histoires de b\u00e9n\u00e9voles<\/a><\/h3><div class=\"special-heading-border\"><div class=\"special-heading-inner-border\"><\/div><\/div><\/div><br \/>\n<section  class='av_textblock_section av-8ca9p76-d5788711a984364316be4e292a97e82b '   itemscope=\"itemscope\" itemtype=\"https:\/\/schema.org\/CreativeWork\" ><div class='avia_textblock'  itemprop=\"text\" ><p>Nos b\u00e9n\u00e9voles sont exemplaires de d\u00e9vouement car ils offrent leur service gratuitement et prennent en charge leur frais de voyage et de pension. \u00catre au service de son prochain est une vision partag\u00e9e par l\u2019ensemble de l\u2019\u00e9quipage.<\/p>\n<\/div><\/section><br \/>\n<div  class='avia-button-wrap av-k9bmrng1-8ba55094026d9f2d24ea8ee1d4d4b33c-wrap avia-button-left  avia-builder-el-10  el_after_av_textblock  avia-builder-el-last '><a href='https:\/\/mercyships.be\/fr\/recits-de-benevoles\/'  class='avia-button av-k9bmrng1-8ba55094026d9f2d24ea8ee1d4d4b33c av-link-btn avia-icon_select-no avia-size-small avia-position-left avia-color-theme-color'   aria-label=\"Rencontrez nos b\u00e9n\u00e9voles\"><span class='avia_iconbox_title' >Rencontrez nos b\u00e9n\u00e9voles<\/span><\/a><\/div><\/p><\/div>\n","protected":false},"excerpt":{"rendered":"","protected":false},"author":4,"featured_media":0,"parent":0,"menu_order":0,"comment_status":"closed","ping_status":"closed","template":"","meta":{"_acf_changed":false,"footnotes":""},"class_list":["post-2255","page","type-page","status-publish","hentry"],"acf":[],"_links":{"self":[{"href":"https:\/\/mercyships.be\/fr\/wp-json\/wp\/v2\/pages\/2255","targetHints":{"allow":["GET"]}}],"collection":[{"href":"https:\/\/mercyships.be\/fr\/wp-json\/wp\/v2\/pages"}],"about":[{"href":"https:\/\/mercyships.be\/fr\/wp-json\/wp\/v2\/types\/page"}],"author":[{"embeddable":true,"href":"https:\/\/mercyships.be\/fr\/wp-json\/wp\/v2\/users\/4"}],"replies":[{"embeddable":true,"href":"https:\/\/mercyships.be\/fr\/wp-json\/wp\/v2\/comments?post=2255"}],"version-history":[{"count":6,"href":"https:\/\/mercyships.be\/fr\/wp-json\/wp\/v2\/pages\/2255\/revisions"}],"predecessor-version":[{"id":122558,"href":"https:\/\/mercyships.be\/fr\/wp-json\/wp\/v2\/pages\/2255\/revisions\/122558"}],"wp:attachment":[{"href":"https:\/\/mercyships.be\/fr\/wp-json\/wp\/v2\/media?parent=2255"}],"curies":[{"name":"wp","href":"https:\/\/api.w.org\/{rel}","templated":true}]}}