{"id":27277,"date":"2019-02-27T16:15:53","date_gmt":"2019-02-27T15:15:53","guid":{"rendered":"https:\/\/mercyships.be\/?page_id=27277"},"modified":"2023-02-11T19:41:34","modified_gmt":"2023-02-11T18:41:34","slug":"benevole-medical","status":"publish","type":"page","link":"https:\/\/mercyships.be\/fr\/devenir-benevole\/benevole-medical\/","title":{"rendered":"B\u00e9n\u00e9vole m\u00e9dical"},"content":{"rendered":"<div id='full_slider_1'  class='avia-fullwidth-slider main_color avia-shadow   avia-builder-el-0  el_before_av_section  avia-builder-el-first   container_wrap fullsize'  ><div  class='avia-slideshow av-kdjyp02z-75372e79f5cdc0ecee680eb142ec1994 avia-slideshow-no scaling av_slideshow_full avia-slide-slider av-slideshow-ui av-control-default av-slideshow-manual av-loop-once av-loop-manual-endless av-default-height-applied  image_no_stretch avia-slideshow-1' data-slideshow-options=\"{&quot;animation&quot;:&quot;slide&quot;,&quot;autoplay&quot;:false,&quot;loop_autoplay&quot;:&quot;once&quot;,&quot;interval&quot;:5,&quot;loop_manual&quot;:&quot;manual-endless&quot;,&quot;autoplay_stopper&quot;:false,&quot;noNavigation&quot;:false,&quot;bg_slider&quot;:false,&quot;keep_padding&quot;:false,&quot;hoverpause&quot;:false,&quot;show_slide_delay&quot;:0}\"  itemprop=\"image\" itemscope=\"itemscope\" itemtype=\"https:\/\/schema.org\/ImageObject\" ><ul class='avia-slideshow-inner ' style='padding-bottom: 27.5%;'><li  class='avia-slideshow-slide av-kdjyp02z-75372e79f5cdc0ecee680eb142ec1994__0  av-single-slide slide-1 slide-odd'><div data-rel='slideshow-1' class='avia-slide-wrap '   ><img decoding=\"async\" fetchpriority=\"high\" class=\"wp-image-103805 avia-img-lazy-loading-not-103805\"  src=\"https:\/\/mercyships.be\/wp-content\/uploads\/2020\/06\/volunteertitle4-1.jpg\" width=\"2000\" height=\"550\" title='' alt='Horizon Mercy Ships'  itemprop=\"thumbnailUrl\" srcset=\"https:\/\/mercyships.be\/wp-content\/uploads\/2020\/06\/volunteertitle4-1.jpg 2000w, https:\/\/mercyships.be\/wp-content\/uploads\/2020\/06\/volunteertitle4-1-300x83.jpg 300w, https:\/\/mercyships.be\/wp-content\/uploads\/2020\/06\/volunteertitle4-1-1030x283.jpg 1030w, https:\/\/mercyships.be\/wp-content\/uploads\/2020\/06\/volunteertitle4-1-80x22.jpg 80w, https:\/\/mercyships.be\/wp-content\/uploads\/2020\/06\/volunteertitle4-1-768x211.jpg 768w, https:\/\/mercyships.be\/wp-content\/uploads\/2020\/06\/volunteertitle4-1-1536x422.jpg 1536w, https:\/\/mercyships.be\/wp-content\/uploads\/2020\/06\/volunteertitle4-1-1500x413.jpg 1500w, https:\/\/mercyships.be\/wp-content\/uploads\/2020\/06\/volunteertitle4-1-705x194.jpg 705w\" sizes=\"(max-width: 2000px) 100vw, 2000px\" \/><\/div><\/li><\/ul><\/div><\/div>\n<div id='av_section_1'  class='avia-section av-1zr84jx-578052c1e1d469512d59877bfed66e2e main_color avia-section-default avia-no-border-styling  avia-builder-el-1  el_after_av_slideshow_full  el_before_av_section  avia-bg-style-scroll container_wrap fullsize'  ><div class='container av-section-cont-open' ><div class='template-page content  av-content-full alpha units'><div class='post-entry post-entry-type-page post-entry-27277'><div class='entry-content-wrapper clearfix'>\n\n<style type=\"text\/css\" data-created_by=\"avia_inline_auto\" id=\"style-css-av-1qehcst-ce35867cfeb96c9850d1b49182714afa\">\n.flex_column.av-1qehcst-ce35867cfeb96c9850d1b49182714afa{\nborder-radius:0px 0px 0px 0px;\npadding:0px 0px 0px 0px;\n}\n<\/style>\n<div  class='flex_column av-1qehcst-ce35867cfeb96c9850d1b49182714afa av_one_fifth  avia-builder-el-2  el_before_av_three_fifth  avia-builder-el-first  first flex_column_div av-zero-column-padding  '     ><\/div>\n<style type=\"text\/css\" data-created_by=\"avia_inline_auto\" id=\"style-css-av-15nchrh-fd979ddba244db2531a021968d3bd767\">\n.flex_column.av-15nchrh-fd979ddba244db2531a021968d3bd767{\nborder-radius:0px 0px 0px 0px;\npadding:0px 0px 0px 0px;\n}\n<\/style>\n<div  class='flex_column av-15nchrh-fd979ddba244db2531a021968d3bd767 av_three_fifth  avia-builder-el-3  el_after_av_one_fifth  avia-builder-el-last  flex_column_div av-zero-column-padding  '     ><p>\n<style type=\"text\/css\" data-created_by=\"avia_inline_auto\" id=\"style-css-av-le0amh60-bb87fc77d7676e989b729bad86cec9b1\">\n#top .av-special-heading.av-le0amh60-bb87fc77d7676e989b729bad86cec9b1{\npadding-bottom:10px;\n}\nbody .av-special-heading.av-le0amh60-bb87fc77d7676e989b729bad86cec9b1 .av-special-heading-tag .heading-char{\nfont-size:25px;\n}\n.av-special-heading.av-le0amh60-bb87fc77d7676e989b729bad86cec9b1 .av-subheading{\nfont-size:15px;\n}\n<\/style>\n<div  class='av-special-heading av-le0amh60-bb87fc77d7676e989b729bad86cec9b1 av-special-heading-h3 blockquote modern-quote modern-centered  avia-builder-el-4  el_before_av_hr  avia-builder-el-first '><h3 class='av-special-heading-tag '  itemprop=\"headline\"  >Embarquez en tant que sp\u00e9cialiste m\u00e9dical<\/h3><div class=\"special-heading-border\"><div class=\"special-heading-inner-border\"><\/div><\/div><\/div><br \/>\n\n<style type=\"text\/css\" data-created_by=\"avia_inline_auto\" id=\"style-css-av-1xtqu99-c567ae35fdb0f58dbb24c439220b854c\">\n#top .hr.av-1xtqu99-c567ae35fdb0f58dbb24c439220b854c{\nmargin-top:5px;\nmargin-bottom:30px;\n}\n.hr.av-1xtqu99-c567ae35fdb0f58dbb24c439220b854c .hr-inner{\nwidth:50px;\nborder-color:#bcd1de;\n}\n<\/style>\n<div  class='hr av-1xtqu99-c567ae35fdb0f58dbb24c439220b854c hr-custom  avia-builder-el-5  el_after_av_heading  el_before_av_textblock  hr-center hr-icon-no'><span class='hr-inner inner-border-av-border-fat'><span class=\"hr-inner-style\"><\/span><\/span><\/div><br \/>\n<section  class='av_textblock_section av-w83p9p-adfd7308c3bcd44ac3cbfd129919faf9 '   itemscope=\"itemscope\" itemtype=\"https:\/\/schema.org\/CreativeWork\" ><div class='avia_textblock'  itemprop=\"text\" ><p>Mercy Ships navigue vers les villes portuaires d&rsquo;Afrique \u00e0 l&rsquo;invitation des gouvernements pour fournir une assistance m\u00e9dicale gratuite. Si vous embarquez avec nous, vous pouvez faire du b\u00e9n\u00e9volat m\u00e9dical dans les sp\u00e9cialisations suivantes :<\/p>\n<ul>\n<li>Chirurgie maxillo-faciale (MKA) et ORL : des op\u00e9rations qui donnent un nouveau visage aux enfants et aux adultes<\/li>\n<li>Chirurgie orthop\u00e9dique : des op\u00e9rations qui remettent les gens sur pied<\/li>\n<li>Chirurgie plastique et reconstructive : des op\u00e9rations qui donnent l&rsquo;espoir d&rsquo;un avenir sans douleur<\/li>\n<li>Chirurgie oculaire : des op\u00e9rations qui permettent aux gens d&rsquo;entrevoir un nouvel avenir<\/li>\n<li>Programme dentaire : des traitements qui redonnent le sourire aux gens<\/li>\n<li>Chirurgie des fistules : des op\u00e9rations qui redonnent aux femmes leur place dans la soci\u00e9t\u00e9<\/li>\n<li>Chirurgie g\u00e9n\u00e9rale : op\u00e9rations qui permettent une vie normale<\/li>\n<li>Soins palliatifs : l&rsquo;accompagnement du deuil dans la s\u00e9r\u00e9nit\u00e9<br \/>\nM\u00e9decins, infirmi\u00e8res et autres<\/li>\n<\/ul>\n<p>Un h\u00f4pital n&rsquo;est pas seulement compos\u00e9 de chirurgiens, de m\u00e9decins et d&rsquo;infirmi\u00e8res. Pour garantir le bon d\u00e9roulement de nos proc\u00e9dures m\u00e9dicales, leur pr\u00e9paration et leur suivi jusqu&rsquo;\u00e0 la gu\u00e9rison compl\u00e8te du patient, les postes suivants, entre autres, sont \u00e9galement occup\u00e9s par des b\u00e9n\u00e9voles :<\/p>\n<ul>\n<li>Anesth\u00e9sistes<\/li>\n<li>Personnel de st\u00e9rilisation<\/li>\n<li>Techniciens biom\u00e9dicaux<\/li>\n<li>Techniciens de laboratoire<\/li>\n<li>Physioth\u00e9rapeutes et th\u00e9rapeutes de la main<\/li>\n<li>Di\u00e9t\u00e9ticiens cliniques<\/li>\n<li>Personnel administratif<\/li>\n<li>Pharmacien<\/li>\n<li>M\u00e9decin hospitalier et m\u00e9decin pour b\u00e9n\u00e9voles<\/li>\n<li>Assistants COVID<\/li>\n<\/ul>\n<\/div><\/section><\/p><\/div>\n\n<\/div><\/div><\/div><!-- close content main div --><\/div><\/div><div id='av_section_2'  class='avia-section av-1r0zjgt-44fe6b2e7ad36afb3f84b977567fd162 main_color avia-section-default avia-no-border-styling  avia-builder-el-7  el_after_av_section  avia-builder-el-last  avia-bg-style-scroll container_wrap fullsize'  ><div class='container av-section-cont-open' ><div class='template-page content  av-content-full alpha units'><div class='post-entry post-entry-type-page post-entry-27277'><div class='entry-content-wrapper clearfix'>\n\n<style type=\"text\/css\" data-created_by=\"avia_inline_auto\" id=\"style-css-av-1a9p06l-8dc9065d6dbb54e5f937f5d2b188028f\">\n.flex_column.av-1a9p06l-8dc9065d6dbb54e5f937f5d2b188028f{\nborder-radius:0px 0px 0px 0px;\npadding:0px 0px 0px 0px;\n}\n<\/style>\n<div  class='flex_column av-1a9p06l-8dc9065d6dbb54e5f937f5d2b188028f av_one_fifth  avia-builder-el-8  el_before_av_three_fifth  avia-builder-el-first  first flex_column_div av-zero-column-padding  '     ><\/div>\n<style type=\"text\/css\" data-created_by=\"avia_inline_auto\" id=\"style-css-av-pifutp-503c53f0b10c7d5922fc5e9c5f3ae62a\">\n.flex_column.av-pifutp-503c53f0b10c7d5922fc5e9c5f3ae62a{\nborder-radius:0px 0px 0px 0px;\npadding:0px 0px 0px 0px;\n}\n<\/style>\n<div  class='flex_column av-pifutp-503c53f0b10c7d5922fc5e9c5f3ae62a av_three_fifth  avia-builder-el-9  el_after_av_one_fifth  avia-builder-el-last  flex_column_div av-zero-column-padding  '     ><section  class='av_textblock_section av-le0attvw-afdbd43daa87961b202fc2e369819fb2 '   itemscope=\"itemscope\" itemtype=\"https:\/\/schema.org\/CreativeWork\" ><div class='avia_textblock'  itemprop=\"text\" ><h3>O\u00f9 travaillerez-vous ?<\/h3>\n<p>Les op\u00e9rations se d\u00e9roulent dans les salles d&rsquo;op\u00e9ration du navire. Les salles \u00e0 bord disposent de lits o\u00f9 les patients peuvent se reposer.<\/p>\n<p>L&rsquo;Africa Mercy dispose de 5 salles d&rsquo;op\u00e9ration et de 75 lits d&rsquo;h\u00f4pital. Sur le quai, il y a des tentes o\u00f9 se d\u00e9roulent les examens pr\u00e9liminaires, la r\u00e9\u00e9ducation et le suivi ambulatoire (physioth\u00e9rapie).<\/p>\n<p>Le centre HOPE (Hospital Outpatient Extension) \u00e0 terre est l\u00e0 pour offrir \u00e0 nos patients un endroit s\u00fbr et confortable o\u00f9 rester entre deux rendez-vous m\u00e9dicaux &#8211; un endroit sp\u00e9cial plein de vie, de joie, de gu\u00e9rison et de gratitude.<\/p>\n<p>Notre nouveau navire, le Global Mercy, est beaucoup plus grand et dispose de pas moins de six salles d&rsquo;op\u00e9ration et de 200 lits d&rsquo;h\u00f4pital. Par cons\u00e9quent, l&rsquo;admission de nouveaux patients, la r\u00e9adaptation et le suivi ambulatoire peuvent \u00eatre effectu\u00e9s \u00e0 bord.<\/p>\n<p>Dans l&rsquo;unit\u00e9 de soins de faible niveau \u00e0 bord, les patients qui n&rsquo;ont plus besoin d&rsquo;assistance infirmi\u00e8re peuvent continuer \u00e0 se r\u00e9tablir.<\/p>\n<h3>Soins \u00e0 terre et aide durable<\/h3>\n<p>Les soins dentaires ont g\u00e9n\u00e9ralement lieu dans la clinique dentaire de la ville o\u00f9 le navire s\u00e9journe. Cela s&rsquo;applique \u00e9galement \u00e0 la clinique ophtalmologique (mesures des yeux). Les chirurgies oculaires elles-m\u00eames sont effectu\u00e9es \u00e0 bord. Veuillez noter qu&rsquo;il n&rsquo;y aura pas de programme dentaire au S\u00e9n\u00e9gal en 2023 en raison de la pand\u00e9mie de corona.<\/p>\n<p>En tant qu&rsquo;infirmier(\u00e8re) en soins palliatifs, vous travaillerez principalement \u00e0 terre et visiterez les patients dans leur environnement imm\u00e9diat.<\/p>\n<p>Mercy Ships souhaite \u00e9galement laisser un impact durable en formant le personnel de sant\u00e9 local. Des b\u00e9n\u00e9voles sont \u00e9galement recherch\u00e9s pour ces programmes de renforcement des capacit\u00e9s m\u00e9dicales (MCB).<\/p>\n<p>En tant que b\u00e9n\u00e9vole m\u00e9dical, vous travaillerez \u00e0 bord, sur le quai ou \u00e0 terre, selon votre poste et selon le navire sur lequel vous s\u00e9journez.<\/p>\n<h3>En outre, il est important de noter que<\/h3>\n<ul>\n<li>Les postes m\u00e9dicaux requi\u00e8rent une exp\u00e9rience professionnelle sp\u00e9cifique d&rsquo;au moins deux ans avant la candidature.<\/li>\n<li>Par cons\u00e9quent, les retrait\u00e9s ne sont plus \u00e9ligibles, sauf s&rsquo;ils peuvent prouver qu&rsquo;ils sont toujours m\u00e9dicalement actifs apr\u00e8s leur retraite.<\/li>\n<li>Mercy Ships ne propose malheureusement pas de stages m\u00e9dicaux pour les \u00e9tudiants. Ils peuvent \u00e9ventuellement aider dans un poste non m\u00e9dical, par exemple pendant les vacances d&rsquo;\u00e9t\u00e9 ou comme ann\u00e9e suppl\u00e9mentaire apr\u00e8s les \u00e9tudes, et ainsi d\u00e9j\u00e0 faire connaissance avec Mercy Ships.<\/li>\n<\/ul>\n<p>Vous aimeriez venir travailler \u00e0 bord, mais il n&rsquo;y a pas de poste correspondant \u00e0 votre domaine de comp\u00e9tence ? Lisez les informations sur <strong><a href=\"https:\/\/mercyships.be\/fr\/devenez-benevole\/fonctionnement-densemble\/\">nos positions g\u00e9n\u00e9rales<\/a><\/strong>.<\/p>\n<\/div><\/section><\/div>\n","protected":false},"excerpt":{"rendered":"","protected":false},"author":29,"featured_media":69116,"parent":152357,"menu_order":0,"comment_status":"closed","ping_status":"closed","template":"","meta":{"_acf_changed":false,"footnotes":""},"class_list":["post-27277","page","type-page","status-publish","has-post-thumbnail","hentry"],"acf":[],"_links":{"self":[{"href":"https:\/\/mercyships.be\/fr\/wp-json\/wp\/v2\/pages\/27277","targetHints":{"allow":["GET"]}}],"collection":[{"href":"https:\/\/mercyships.be\/fr\/wp-json\/wp\/v2\/pages"}],"about":[{"href":"https:\/\/mercyships.be\/fr\/wp-json\/wp\/v2\/types\/page"}],"author":[{"embeddable":true,"href":"https:\/\/mercyships.be\/fr\/wp-json\/wp\/v2\/users\/29"}],"replies":[{"embeddable":true,"href":"https:\/\/mercyships.be\/fr\/wp-json\/wp\/v2\/comments?post=27277"}],"version-history":[{"count":6,"href":"https:\/\/mercyships.be\/fr\/wp-json\/wp\/v2\/pages\/27277\/revisions"}],"predecessor-version":[{"id":141461,"href":"https:\/\/mercyships.be\/fr\/wp-json\/wp\/v2\/pages\/27277\/revisions\/141461"}],"up":[{"embeddable":true,"href":"https:\/\/mercyships.be\/fr\/wp-json\/wp\/v2\/pages\/152357"}],"wp:featuredmedia":[{"embeddable":true,"href":"https:\/\/mercyships.be\/fr\/wp-json\/wp\/v2\/media\/69116"}],"wp:attachment":[{"href":"https:\/\/mercyships.be\/fr\/wp-json\/wp\/v2\/media?parent=27277"}],"curies":[{"name":"wp","href":"https:\/\/api.w.org\/{rel}","templated":true}]}}