{"id":29368,"date":"2019-02-27T16:28:07","date_gmt":"2019-02-27T15:28:07","guid":{"rendered":"https:\/\/mercyships.be\/?page_id=29368"},"modified":"2023-02-11T19:51:58","modified_gmt":"2023-02-11T18:51:58","slug":"fonctionnement-densemble","status":"publish","type":"page","link":"https:\/\/mercyships.be\/fr\/devenir-benevole\/fonctionnement-densemble\/","title":{"rendered":"Fonctionnement d\u2019ensemble"},"content":{"rendered":"<div id='full_slider_1'  class='avia-fullwidth-slider main_color avia-shadow   avia-builder-el-0  el_before_av_section  avia-builder-el-first   container_wrap fullsize'  ><div  class='avia-slideshow av-kdjz0q04-c61c71ee6309b3a3cc5990d477789465 avia-slideshow-no scaling av_slideshow_full avia-slide-slider av-slideshow-ui av-control-default av-slideshow-manual av-loop-once av-loop-manual-endless av-default-height-applied  image_no_stretch avia-slideshow-1' data-slideshow-options=\"{&quot;animation&quot;:&quot;slide&quot;,&quot;autoplay&quot;:false,&quot;loop_autoplay&quot;:&quot;once&quot;,&quot;interval&quot;:5,&quot;loop_manual&quot;:&quot;manual-endless&quot;,&quot;autoplay_stopper&quot;:false,&quot;noNavigation&quot;:false,&quot;bg_slider&quot;:false,&quot;keep_padding&quot;:false,&quot;hoverpause&quot;:false,&quot;show_slide_delay&quot;:0}\"  itemprop=\"image\" itemscope=\"itemscope\" itemtype=\"https:\/\/schema.org\/ImageObject\" ><ul class='avia-slideshow-inner ' style='padding-bottom: 27.5%;'><li  class='avia-slideshow-slide av-kdjz0q04-c61c71ee6309b3a3cc5990d477789465__0  av-single-slide slide-1 slide-odd'><div data-rel='slideshow-1' class='avia-slide-wrap '   ><img decoding=\"async\" fetchpriority=\"high\" class=\"wp-image-103423 avia-img-lazy-loading-not-103423\"  src=\"https:\/\/mercyships.be\/wp-content\/uploads\/2020\/06\/fundraising1.jpg\" width=\"2000\" height=\"550\" title='fundraising1' alt='Algemeen vrijwilligerswerk Mercy Ships'  itemprop=\"thumbnailUrl\" srcset=\"https:\/\/mercyships.be\/wp-content\/uploads\/2020\/06\/fundraising1.jpg 2000w, https:\/\/mercyships.be\/wp-content\/uploads\/2020\/06\/fundraising1-300x83.jpg 300w, https:\/\/mercyships.be\/wp-content\/uploads\/2020\/06\/fundraising1-1030x283.jpg 1030w, https:\/\/mercyships.be\/wp-content\/uploads\/2020\/06\/fundraising1-80x22.jpg 80w, https:\/\/mercyships.be\/wp-content\/uploads\/2020\/06\/fundraising1-768x211.jpg 768w, https:\/\/mercyships.be\/wp-content\/uploads\/2020\/06\/fundraising1-1536x422.jpg 1536w, https:\/\/mercyships.be\/wp-content\/uploads\/2020\/06\/fundraising1-1500x413.jpg 1500w, https:\/\/mercyships.be\/wp-content\/uploads\/2020\/06\/fundraising1-705x194.jpg 705w\" sizes=\"(max-width: 2000px) 100vw, 2000px\" \/><\/div><\/li><\/ul><\/div><\/div>\n<div id='av_section_1'  class='avia-section av-1laxgm0-38f2707cae023832a58120958e8e0353 main_color avia-section-default avia-no-border-styling  avia-builder-el-1  el_after_av_slideshow_full  avia-builder-el-last  avia-bg-style-scroll container_wrap fullsize'  ><div class='container av-section-cont-open' ><div class='template-page content  av-content-full alpha units'><div class='post-entry post-entry-type-page post-entry-29368'><div class='entry-content-wrapper clearfix'>\n\n<style type=\"text\/css\" data-created_by=\"avia_inline_auto\" id=\"style-css-av-zdvol4-70b684aee98e87586832bafd551f3cd0\">\n.flex_column.av-zdvol4-70b684aee98e87586832bafd551f3cd0{\nborder-radius:0px 0px 0px 0px;\npadding:0px 0px 0px 0px;\n}\n<\/style>\n<div  class='flex_column av-zdvol4-70b684aee98e87586832bafd551f3cd0 av_one_fifth  avia-builder-el-2  el_before_av_three_fifth  avia-builder-el-first  first flex_column_div av-zero-column-padding  '     ><\/div>\n<style type=\"text\/css\" data-created_by=\"avia_inline_auto\" id=\"style-css-av-u0bntk-7caec0af0198be2069ffd0f142121fb7\">\n.flex_column.av-u0bntk-7caec0af0198be2069ffd0f142121fb7{\nborder-radius:0px 0px 0px 0px;\npadding:0px 0px 0px 0px;\n}\n<\/style>\n<div  class='flex_column av-u0bntk-7caec0af0198be2069ffd0f142121fb7 av_three_fifth  avia-builder-el-3  el_after_av_one_fifth  avia-builder-el-last  flex_column_div av-zero-column-padding  '     ><p>\n<style type=\"text\/css\" data-created_by=\"avia_inline_auto\" id=\"style-css-av-le0b2avf-7194c2eb5bcf1cb9b11903e1b51d47e6\">\n#top .av-special-heading.av-le0b2avf-7194c2eb5bcf1cb9b11903e1b51d47e6{\npadding-bottom:10px;\n}\nbody .av-special-heading.av-le0b2avf-7194c2eb5bcf1cb9b11903e1b51d47e6 .av-special-heading-tag .heading-char{\nfont-size:25px;\n}\n.av-special-heading.av-le0b2avf-7194c2eb5bcf1cb9b11903e1b51d47e6 .av-subheading{\nfont-size:15px;\n}\n<\/style>\n<div  class='av-special-heading av-le0b2avf-7194c2eb5bcf1cb9b11903e1b51d47e6 av-special-heading-h1 blockquote modern-quote modern-centered  avia-builder-el-4  el_before_av_hr  avia-builder-el-first '><h1 class='av-special-heading-tag '  itemprop=\"headline\"  >Montez \u00e0 bord dans une fonction g\u00e9n\u00e9rale<\/h1><div class=\"special-heading-border\"><div class=\"special-heading-inner-border\"><\/div><\/div><\/div><br \/>\n\n<style type=\"text\/css\" data-created_by=\"avia_inline_auto\" id=\"style-css-av-1yqxbs-9fa228d81eb3d9c5fa9644ad32dff7b7\">\n#top .hr.av-1yqxbs-9fa228d81eb3d9c5fa9644ad32dff7b7{\nmargin-top:5px;\nmargin-bottom:30px;\n}\n.hr.av-1yqxbs-9fa228d81eb3d9c5fa9644ad32dff7b7 .hr-inner{\nwidth:50px;\nborder-color:#bcd1de;\n}\n<\/style>\n<div  class='hr av-1yqxbs-9fa228d81eb3d9c5fa9644ad32dff7b7 hr-custom  avia-builder-el-5  el_after_av_heading  el_before_av_textblock  hr-center hr-icon-no'><span class='hr-inner inner-border-av-border-fat'><span class=\"hr-inner-style\"><\/span><\/span><\/div><br \/>\n<section  class='av_textblock_section av-kdjyzt3p-79e1c2bd5694468ebc6dd1084f4866aa '   itemscope=\"itemscope\" itemtype=\"https:\/\/schema.org\/CreativeWork\" ><div class='avia_textblock'  itemprop=\"text\" ><p>Tout poste qui n&rsquo;est pas m\u00e9dical, maritime ou technique rel\u00e8ve du b\u00e9n\u00e9volat g\u00e9n\u00e9ral. Sur nos navires-h\u00f4pitaux &#8211; l&rsquo;Africa Mercy et le Global Mercy &#8211; quelque 1.100 b\u00e9n\u00e9voles travaillent et vivent en moyenne chaque jour. Toutes ces personnes mangent, dorment, travaillent et se d\u00e9tendent \u00e0 bord. Pour y parvenir, nous avons besoin de b\u00e9n\u00e9voles pour assurer les fonctions g\u00e9n\u00e9rales : accueil des nouveaux arrivants, pr\u00e9paration des repas, administration, r\u00e9approvisionnement en fournitures et bien plus encore.<\/p>\n<h3>Exemples de fonctions g\u00e9n\u00e9rales<\/h3>\n<ul>\n<li>Personnel de cuisine (Galley Staff)<\/li>\n<li>Boulanger (Baker)<\/li>\n<li>Personnel de salle \u00e0 manger (Dining Room Staff)<\/li>\n<li>Nettoyeurs (Housekeeping Staff)<\/li>\n<li>H\u00f4tesses (Hospitality Staff)<\/li>\n<li>Personnel de vente (Sales Staff)<\/li>\n<li>Aide-comptable (Accountant)<\/li>\n<li>Enseignant (Teacher)<\/li>\n<li>Personnel des TIC (Service Desk Analyst\/ Administrator)<\/li>\n<li>R\u00e9ceptionniste (Receptionist)<\/li>\n<\/ul>\n<\/div><\/section><\/p><\/div>\n","protected":false},"excerpt":{"rendered":"","protected":false},"author":22,"featured_media":15940,"parent":152357,"menu_order":0,"comment_status":"closed","ping_status":"closed","template":"","meta":{"_acf_changed":false,"footnotes":""},"class_list":["post-29368","page","type-page","status-publish","has-post-thumbnail","hentry"],"acf":[],"_links":{"self":[{"href":"https:\/\/mercyships.be\/fr\/wp-json\/wp\/v2\/pages\/29368","targetHints":{"allow":["GET"]}}],"collection":[{"href":"https:\/\/mercyships.be\/fr\/wp-json\/wp\/v2\/pages"}],"about":[{"href":"https:\/\/mercyships.be\/fr\/wp-json\/wp\/v2\/types\/page"}],"author":[{"embeddable":true,"href":"https:\/\/mercyships.be\/fr\/wp-json\/wp\/v2\/users\/22"}],"replies":[{"embeddable":true,"href":"https:\/\/mercyships.be\/fr\/wp-json\/wp\/v2\/comments?post=29368"}],"version-history":[{"count":6,"href":"https:\/\/mercyships.be\/fr\/wp-json\/wp\/v2\/pages\/29368\/revisions"}],"predecessor-version":[{"id":141465,"href":"https:\/\/mercyships.be\/fr\/wp-json\/wp\/v2\/pages\/29368\/revisions\/141465"}],"up":[{"embeddable":true,"href":"https:\/\/mercyships.be\/fr\/wp-json\/wp\/v2\/pages\/152357"}],"wp:featuredmedia":[{"embeddable":true,"href":"https:\/\/mercyships.be\/fr\/wp-json\/wp\/v2\/media\/15940"}],"wp:attachment":[{"href":"https:\/\/mercyships.be\/fr\/wp-json\/wp\/v2\/media?parent=29368"}],"curies":[{"name":"wp","href":"https:\/\/api.w.org\/{rel}","templated":true}]}}