{"id":3218,"date":"2018-05-07T09:29:55","date_gmt":"2018-05-07T07:29:55","guid":{"rendered":"https:\/\/mercyships.be\/?page_id=3218\/"},"modified":"2021-06-24T11:17:52","modified_gmt":"2021-06-24T09:17:52","slug":"faites-un-legs","status":"publish","type":"page","link":"https:\/\/mercyships.be\/fr\/faites-un-legs\/","title":{"rendered":"Faites un legs"},"content":{"rendered":"<div id='full_slider_1'  class='avia-fullwidth-slider main_color avia-shadow   avia-builder-el-0  el_before_av_section  avia-builder-el-first   container_wrap fullsize'  ><div  class='avia-slideshow av-kdjzkcpx-8da3ccde69f3258c20764e36886a8bf8 avia-slideshow-no scaling av_slideshow_full avia-slide-slider av-slideshow-ui av-control-default av-slideshow-manual av-loop-once av-loop-manual-endless av-default-height-applied  image_no_stretch avia-slideshow-1' data-slideshow-options=\"{&quot;animation&quot;:&quot;slide&quot;,&quot;autoplay&quot;:false,&quot;loop_autoplay&quot;:&quot;once&quot;,&quot;interval&quot;:5,&quot;loop_manual&quot;:&quot;manual-endless&quot;,&quot;autoplay_stopper&quot;:false,&quot;noNavigation&quot;:false,&quot;bg_slider&quot;:false,&quot;keep_padding&quot;:false,&quot;hoverpause&quot;:false,&quot;show_slide_delay&quot;:0}\"  itemprop=\"image\" itemscope=\"itemscope\" itemtype=\"https:\/\/schema.org\/ImageObject\" ><ul class='avia-slideshow-inner ' style='padding-bottom: 27.5%;'><li  class='avia-slideshow-slide av-kdjzkcpx-8da3ccde69f3258c20764e36886a8bf8__0  av-single-slide slide-1 slide-odd'><div data-rel='slideshow-1' class='avia-slide-wrap '   ><img decoding=\"async\" fetchpriority=\"high\" class=\"wp-image-111200 avia-img-lazy-loading-not-111200\"  src=\"https:\/\/mercyships.be\/wp-content\/uploads\/2020\/08\/mm2title-images.jpg\" width=\"2000\" height=\"550\" title='' alt='Faites un legs Mercy Ships'  itemprop=\"thumbnailUrl\" srcset=\"https:\/\/mercyships.be\/wp-content\/uploads\/2020\/08\/mm2title-images.jpg 2000w, https:\/\/mercyships.be\/wp-content\/uploads\/2020\/08\/mm2title-images-300x83.jpg 300w, https:\/\/mercyships.be\/wp-content\/uploads\/2020\/08\/mm2title-images-1030x283.jpg 1030w, https:\/\/mercyships.be\/wp-content\/uploads\/2020\/08\/mm2title-images-80x22.jpg 80w, https:\/\/mercyships.be\/wp-content\/uploads\/2020\/08\/mm2title-images-768x211.jpg 768w, https:\/\/mercyships.be\/wp-content\/uploads\/2020\/08\/mm2title-images-1536x422.jpg 1536w, https:\/\/mercyships.be\/wp-content\/uploads\/2020\/08\/mm2title-images-1500x413.jpg 1500w, https:\/\/mercyships.be\/wp-content\/uploads\/2020\/08\/mm2title-images-705x194.jpg 705w\" sizes=\"(max-width: 2000px) 100vw, 2000px\" \/><\/div><\/li><\/ul><\/div><\/div>\n\n<style type=\"text\/css\" data-created_by=\"avia_inline_auto\" id=\"style-css-av-5f369u-2fe281ce40b43ecc8287b45ba47a13ef\">\n.avia-section.av-5f369u-2fe281ce40b43ecc8287b45ba47a13ef{\nbackground-color:#ffffff;\nbackground-image:unset;\n}\n<\/style>\n<div id='av_section_1'  class='avia-section av-5f369u-2fe281ce40b43ecc8287b45ba47a13ef main_color avia-section-default avia-no-border-styling  avia-builder-el-1  el_after_av_slideshow_full  el_before_av_section  avia-bg-style-scroll container_wrap fullsize'  ><div class='container av-section-cont-open' ><div class='template-page content  av-content-full alpha units'><div class='post-entry post-entry-type-page post-entry-3218'><div class='entry-content-wrapper clearfix'>\n\n<style type=\"text\/css\" data-created_by=\"avia_inline_auto\" id=\"style-css-av-4x98pe-d357aa74d3c17fdb153649297ab3a96c\">\n.flex_column.av-4x98pe-d357aa74d3c17fdb153649297ab3a96c{\nborder-radius:0px 0px 0px 0px;\npadding:0px 0px 0px 0px;\n}\n<\/style>\n<div  class='flex_column av-4x98pe-d357aa74d3c17fdb153649297ab3a96c av_one_fifth  avia-builder-el-2  el_before_av_three_fifth  avia-builder-el-first  first flex_column_div av-zero-column-padding  '     ><\/div>\n<style type=\"text\/css\" data-created_by=\"avia_inline_auto\" id=\"style-css-av-31ubvm-ab9db550290f735c2dbf53e539711e76\">\n.flex_column.av-31ubvm-ab9db550290f735c2dbf53e539711e76{\nborder-radius:0px 0px 0px 0px;\npadding:0px 0px 0px 0px;\n}\n<\/style>\n<div  class='flex_column av-31ubvm-ab9db550290f735c2dbf53e539711e76 av_three_fifth  avia-builder-el-3  el_after_av_one_fifth  avia-builder-el-last  flex_column_div av-zero-column-padding  '     ><p>\n<style type=\"text\/css\" data-created_by=\"avia_inline_auto\" id=\"style-css-av-2ieyeq-a1c76c4dcbdd1f790c3984bbaf25eb20\">\n#top .av-special-heading.av-2ieyeq-a1c76c4dcbdd1f790c3984bbaf25eb20{\npadding-bottom:10px;\n}\nbody .av-special-heading.av-2ieyeq-a1c76c4dcbdd1f790c3984bbaf25eb20 .av-special-heading-tag .heading-char{\nfont-size:25px;\n}\n.av-special-heading.av-2ieyeq-a1c76c4dcbdd1f790c3984bbaf25eb20 .av-subheading{\nfont-size:15px;\n}\n<\/style>\n<div  class='av-special-heading av-2ieyeq-a1c76c4dcbdd1f790c3984bbaf25eb20 av-special-heading-h2 blockquote modern-quote modern-centered  avia-builder-el-4  el_before_av_hr  avia-builder-el-first '><h2 class='av-special-heading-tag '  itemprop=\"headline\"  >Mercy Ships dans votre testament<\/h2><div class=\"special-heading-border\"><div class=\"special-heading-inner-border\"><\/div><\/div><\/div><br \/>\n\n<style type=\"text\/css\" data-created_by=\"avia_inline_auto\" id=\"style-css-av-kdom8d78-eef52c4d28c4b7341680a7237f4fcec4\">\n#top .hr.av-kdom8d78-eef52c4d28c4b7341680a7237f4fcec4{\nmargin-top:5px;\nmargin-bottom:30px;\n}\n.hr.av-kdom8d78-eef52c4d28c4b7341680a7237f4fcec4 .hr-inner{\nwidth:50px;\nborder-color:#e6e8e8;\n}\n<\/style>\n<div  class='hr av-kdom8d78-eef52c4d28c4b7341680a7237f4fcec4 hr-custom  avia-builder-el-5  el_after_av_heading  el_before_av_textblock  hr-center hr-icon-no'><span class='hr-inner inner-border-av-border-fat'><span class=\"hr-inner-style\"><\/span><\/span><\/div><br \/>\n<section  class='av_textblock_section av-kdjzssnp-31f8dae35087d0d18b9a69b29a284afe '   itemscope=\"itemscope\" itemtype=\"https:\/\/schema.org\/CreativeWork\" ><div class='avia_textblock'  itemprop=\"text\" ><p>5 milliards de personnes n\u2019ont pas acc\u00e8s \u00e0 une chirurgie s\u00fbre. Cette injustice est la raison d\u2019\u00eatre de Mercy Ships.\u00a0Mercy Ships offre des soins directs tout en investissant dans l\u2019avenir par la dispense de formations et l\u2019am\u00e9lioration de l\u2019infrastructure m\u00e9dicale dans les pays o\u00f9\u00a0notre navire-h\u00f4pital jette l\u2019ancre.<\/p>\n<\/div><\/section><\/p><\/div>\n\n<\/div><\/div><\/div><!-- close content main div --><\/div><\/div>\n<style type=\"text\/css\" data-created_by=\"avia_inline_auto\" id=\"style-css-av-kdjzu3xa-4a33ff16c60ac2bd15187c785e2ef7e1\">\n.avia-section.av-kdjzu3xa-4a33ff16c60ac2bd15187c785e2ef7e1{\nbackground-color:#ffffff;\nbackground-image:unset;\n}\n<\/style>\n<div id='av_section_2'  class='avia-section av-kdjzu3xa-4a33ff16c60ac2bd15187c785e2ef7e1 main_color avia-section-small avia-no-border-styling  avia-builder-el-7  el_after_av_section  el_before_av_section  avia-bg-style-scroll container_wrap fullsize'  ><div class='container av-section-cont-open' ><div class='template-page content  av-content-full alpha units'><div class='post-entry post-entry-type-page post-entry-3218'><div class='entry-content-wrapper clearfix'>\n\n<style type=\"text\/css\" data-created_by=\"avia_inline_auto\" id=\"style-css-av-3jdz2q-cee6846be749ce3f61548def28ed9f03\">\n.flex_column.av-3jdz2q-cee6846be749ce3f61548def28ed9f03{\nborder-radius:0px 0px 0px 0px;\npadding:0px 0px 0px 0px;\n}\n<\/style>\n<div  class='flex_column av-3jdz2q-cee6846be749ce3f61548def28ed9f03 av_one_fifth  avia-builder-el-8  el_before_av_one_half  avia-builder-el-first  first flex_column_div av-zero-column-padding  '     ><\/div>\n<style type=\"text\/css\" data-created_by=\"avia_inline_auto\" id=\"style-css-av-2pgq7m-f8bee45e745e27a62de0ebd1c32dc486\">\n.flex_column.av-2pgq7m-f8bee45e745e27a62de0ebd1c32dc486{\nborder-radius:0px 0px 0px 0px;\npadding:0px 0px 0px 0px;\n}\n<\/style>\n<div  class='flex_column av-2pgq7m-f8bee45e745e27a62de0ebd1c32dc486 av_one_half  avia-builder-el-9  el_after_av_one_fifth  avia-builder-el-last  flex_column_div av-zero-column-padding  '     ><div  class='avia-video av-kdjzu7gs-55ccb659745dc788067389f8d0701d1f avia-video-16-9 av-no-preview-image avia-video-load-always av-lazyload-immediate av-lazyload-video-embed'  itemprop=\"video\" itemtype=\"https:\/\/schema.org\/VideoObject\"  data-original_url='https:\/\/www.youtube.com\/watch?time_continue=2&v=qYY7LeqJdQY&feature=emb_logo'><script type='text\/html' class='av-video-tmpl'><div class='avia-iframe-wrap'><iframe title=\"testament.be\" width=\"1500\" height=\"844\" src=\"https:\/\/www.youtube.com\/embed\/qYY7LeqJdQY?start=2&feature=oembed&autoplay=1&loop=1&controls=1&mute=1&playlist=qYY7LeqJdQY&feature=emb_logo\" frameborder=\"0\" allow=\"accelerometer; autoplay; clipboard-write; encrypted-media; gyroscope; picture-in-picture\" allowfullscreen><\/iframe><\/div><\/script><div class='av-click-to-play-overlay'><div class=\"avia_playpause_icon\"><\/div><\/div><\/div><\/div>\n\n<\/div><\/div><\/div><!-- close content main div --><\/div><\/div>\n<style type=\"text\/css\" data-created_by=\"avia_inline_auto\" id=\"style-css-av-5f369u-2fe281ce40b43ecc8287b45ba47a13ef\">\n.avia-section.av-5f369u-2fe281ce40b43ecc8287b45ba47a13ef{\nbackground-color:#ffffff;\nbackground-image:unset;\n}\n<\/style>\n<div id='av_section_3'  class='avia-section av-5f369u-2fe281ce40b43ecc8287b45ba47a13ef main_color avia-section-default avia-no-border-styling  avia-builder-el-11  el_after_av_section  el_before_av_section  avia-bg-style-scroll container_wrap fullsize'  ><div class='container av-section-cont-open' ><div class='template-page content  av-content-full alpha units'><div class='post-entry post-entry-type-page post-entry-3218'><div class='entry-content-wrapper clearfix'>\n\n<style type=\"text\/css\" data-created_by=\"avia_inline_auto\" id=\"style-css-av-4x98pe-d357aa74d3c17fdb153649297ab3a96c\">\n.flex_column.av-4x98pe-d357aa74d3c17fdb153649297ab3a96c{\nborder-radius:0px 0px 0px 0px;\npadding:0px 0px 0px 0px;\n}\n<\/style>\n<div  class='flex_column av-4x98pe-d357aa74d3c17fdb153649297ab3a96c av_one_fifth  avia-builder-el-12  el_before_av_three_fifth  avia-builder-el-first  first flex_column_div av-zero-column-padding  '     ><\/div>\n<style type=\"text\/css\" data-created_by=\"avia_inline_auto\" id=\"style-css-av-31ubvm-ab9db550290f735c2dbf53e539711e76\">\n.flex_column.av-31ubvm-ab9db550290f735c2dbf53e539711e76{\nborder-radius:0px 0px 0px 0px;\npadding:0px 0px 0px 0px;\n}\n<\/style>\n<div  class='flex_column av-31ubvm-ab9db550290f735c2dbf53e539711e76 av_three_fifth  avia-builder-el-13  el_after_av_one_fifth  avia-builder-el-last  flex_column_div av-zero-column-padding  '     ><section  class='av_textblock_section av-kdjzi6bd-778931038118b3cd9d70392c8a124871 '   itemscope=\"itemscope\" itemtype=\"https:\/\/schema.org\/CreativeWork\" ><div class='avia_textblock'  itemprop=\"text\" ><h3><span style=\"color: #003366;\">Laissez voguer votre r\u00eave<\/span><\/h3>\n<p>Si vous voulez faire un geste pour d\u2019autres et souhaitez contribuer \u00e0 la r\u00e9alisation de notre objectif, c\u2019est possible. Maintenant, de votre vivant, en faisant un don pour un projet de plus grande envergure. Mais \u00e9galement lorsque vous ne serez plus parmi nous. Que vous soyez c\u00e9libataire, que votre couple ait des enfants ou non, nous pouvons examiner pour vous comment vous pouvez continuer \u00e0 jouer un r\u00f4le dans la vie de milliers de personnes m\u00eame apr\u00e8s votre vie.<\/p>\n<p>Inclure Mercy Ships dans votre testament peut se r\u00e9v\u00e9ler fiscalement int\u00e9ressant pour vos b\u00e9n\u00e9ficiaires. Par ailleurs, votre d\u00e9cision permet \u00e0 Mercy Ships de continuer \u00e0 offrir des op\u00e9rations aux plus d\u00e9munis \u00e0 l\u2019avenir. Gr\u00e2ce \u00e0 vous et \u00e0 nos b\u00e9n\u00e9voles, qui paient eux-m\u00eames leur voyage et leurs frais de s\u00e9jour, des milliers de gens b\u00e9n\u00e9ficient pour la premi\u00e8re fois d\u2019une assistance m\u00e9dicale.<\/p>\n<p>En outre, Mercy Ships forme du personnel local, professionnels de la sant\u00e9 ou autre. Par votre legs, une donation par testament, vous rendez possibles des changements durables et des op\u00e9rations gratuites.<\/p>\n<h3><span style=\"color: #003366;\">Comment inclure Mercy Ships dans votre testament?<\/span><\/h3>\n<p>Il existe plusieurs mani\u00e8res d\u2019inclure une bonne cause dans votre testament. Vous pouvez tout simplement inclure un legs \u00e0 une bonne cause dans votre testament, mais vous pouvez \u00e9galement opter pour un legs en duo ou un legs en mono, du moins dans la R\u00e9gion wallonne et la R\u00e9gion de Bruxelles- Capitale. En Flandre, cela ne sera plus conseill\u00e9 pour les d\u00e9c\u00e8s survenant \u00e0 partir du 1er juillet 2021 (voir infra). Le choix qui vous convient le mieux d\u00e9pend de votre situation.<\/p>\n<p><strong>Les deux questions principales sont:<\/strong><\/p>\n<ul>\n<li>Avez-vous des h\u00e9ritiers r\u00e9servataires \u2013 enfants, conjoint \u2013 ou pas ?<\/li>\n<li>Combien souhaitez-vous l\u00e9guer \u00e0 une bonne cause et combien aux autres ?<\/li>\n<\/ul>\n<h3><span style=\"color: #003366;\">Un legs \u00e0 une bonne cause<\/span><\/h3>\n<p>Un legs est un don par testament de la totalit\u00e9 ou d\u2019une partie de votre patrimoine. Tout le monde peut en principe inclure un legs \u00e0 une ou plusieurs bonne(s) cause(s) dans son testament.\u00a0Il est toujours souhaitable d\u2019inclure une bonne cause suppl\u00e9mentaire au cas o\u00f9 la bonne cause de votre premier choix n\u2019existerait plus au moment de l\u2019ouverture de la succession.<\/p>\n<h4><span style=\"color: #00ccff;\">Trois types de legs<\/span><\/h4>\n<p>1. <strong>Le legs universel:<\/strong> tous les biens de votre succession, except\u00e9 la part que vous l\u00e9guez d\u2019une autre mani\u00e8re, que ce soit via un autre legs \u00e0 titre particulier ou universel.<\/p>\n<p>2. <strong>Le legs \u00e0 titre universel:<\/strong> un pourcentage d\u00e9termin\u00e9 de vos biens ou tous les biens meubles ou immeubles ou en partie.<\/p>\n<p>3. <strong>Le legs \u00e0 titre particulier:<\/strong> une somme d\u2019argent d\u00e9termin\u00e9e ou un bien pr\u00e9cis tel qu\u2019une habitation, une peinture ou un bijou.<\/p>\n<h4><span style=\"color: #00ccff;\">Quand est-ce qu\u2019un legs est int\u00e9ressant?<\/span><\/h4>\n<p><strong>Un legs est int\u00e9ressant dans deux cas particuliers:<\/strong><\/p>\n<p>1. Vous avez des h\u00e9ritiers r\u00e9servataires et vous souhaitez l\u00e9guer une partie de votre patrimoine ou certains biens (50 % maximum selon la nouvelle loi successorale) \u00e0 une bonne cause.<\/p>\n<p>2. Vous n\u2019avez pas d\u2019h\u00e9ritiers r\u00e9servataires et vous souhaitez l\u00e9guer la totalit\u00e9 de votre patrimoine \u00e0 une bonne cause. La bonne cause en question devient alors la b\u00e9n\u00e9ficiaire de la totalit\u00e9 de votre patrimoine. Dans les deux cas, la bonne cause paie des droits de succession r\u00e9duits. En Flandre, m\u00eame plus aucun \u00e0 partir du 1er juillet 2021 (voir infra).<\/p>\n<h3><span style=\"color: #003366;\">Un legs en duo \u00e0 une bonne cause<\/span><\/h3>\n<p>Une autre possibilit\u00e9 pour l\u00e9guer \u00e0 une bonne cause est le legs en duo. Cette formule a gagn\u00e9 en popularit\u00e9 ces derni\u00e8res ann\u00e9es et a connu un succ\u00e8s toujours croissant.<\/p>\n<h4><span style=\"color: #00ccff;\">Quel est le principe du legs en duo?<\/span><\/h4>\n<p>Le legs en duo est une technique qui consiste \u00e0 inclure deux legs dans un testament : un legs en faveur d\u2019une ou de plusieurs personnes, qu\u2019elles soient ou non h\u00e9riti\u00e8res l\u00e9gales, et un legs en faveur d\u2019une ou de plusieurs bonnes causes.<\/p>\n<p>Cette technique est surtout int\u00e9ressante si vous n\u2019avez pas d\u2019h\u00e9ritiers r\u00e9servataires et que vous souhaitez l\u00e9guer votre h\u00e9ritage \u00e0 des parents \u00e9loign\u00e9s, des ami(e)s ou encore des connaissances. La bonne cause paie des droits de succession peu \u00e9lev\u00e9s sur son legs, tandis que les autres l\u00e9gataires sont eux soumis aux taux \u00e9lev\u00e9s et progressifs des droits de succession. Il incombe \u00e0 la bonne cause de payer, en plus de ses propres droits de succession moins \u00e9lev\u00e9s, les droits de succession plus \u00e9lev\u00e9s des autres l\u00e9gataires.<\/p>\n<p>Par cons\u00e9quent, les autres l\u00e9gataires ne devront plus payer de droits de succession sur leur legs (vu que c\u2019est la bonne cause qui s\u2019en sera charg\u00e9), ce qui leur permettra de recevoir leur legs \u00ab net \u00bb. En pratique, les parents \u00e9loign\u00e9s, les ami(e)s et les connaissances garderont en valeur \u00ab nette \u00bb plus de l\u2019h\u00e9ritage que s\u2019ils avaient h\u00e9rit\u00e9 en ligne directe du testateur, sans le b\u00e9n\u00e9fice de la technique du legs en duo. La bonne cause b\u00e9n\u00e9ficie elle aussi de cette formule.<\/p>\n<p>Ce syst\u00e8me existe dans les trois R\u00e9gions. Dans la R\u00e9gion wallonne et la R\u00e9gion de Bruxelles-Capitale, la l\u00e9gislation fiscale relative au legs en duo ne change pas. Dans la R\u00e9gion flamande, par contre, des changements seront apport\u00e9s \u00e0 cet \u00e9gard pour les d\u00e9c\u00e8s \u00e0 partir du 1er juillet 2021.<\/p>\n<h4><span style=\"color: #00ccff;\">Nouvelle situation applicable en Flandre \u00e0 partir du 1er juillet 2021<\/span><\/h4>\n<p>Le 17 mars 2021, la s\u00e9ance pl\u00e9ni\u00e8re du Parlement flamand a approuv\u00e9 un projet de d\u00e9cret modifiant le Code fiscal flamand, qui aura des cons\u00e9quences sur les donations et les legs aux associations caritatives. En outre, le nouveau d\u00e9cret introduit un syst\u00e8me d\u2019 \u00ab h\u00e9ritage entre amis \u00bb. La nouvelle r\u00e9glementation s\u2019appliquera aux d\u00e9c\u00e8s \u00e0 compter du 1er juillet 2021.<\/p>\n<h4><span style=\"color: #00ccff;\">Fin des \u00e9conomies d\u2019imp\u00f4ts gr\u00e2ce au legs en duo<\/span><\/h4>\n<p>\u00c0 compter du 1er juillet 2021, la Flandre va mettre un terme \u00e0 l\u2019\u00e9conomie d\u2019imp\u00f4ts dont b\u00e9n\u00e9ficient habituellement des parents \u00e9loign\u00e9s, ami(e)s et connaissances via la technique du legs en duo. Il sera cependant toujours possible de pr\u00e9voir un legs en duo dans un testament, mais l\u2019avantage fiscal n\u2019existera plus.<\/p>\n<h4><span style=\"color: #00ccff;\">Taxation \u00e0 0 % pour des legs et des donations \u00e0 une bonne cause<\/span><\/h4>\n<p>Cela ne signifie pas pour autant que les bonnes causes seront automatiquement celles qui en p\u00e2tiront. \u00c0 titre compensatoire, le taux des legs \u00e0 des bonnes causes sera r\u00e9duit de fa\u00e7on drastique. Si vous d\u00e9c\u00e9dez apr\u00e8s le 30 juin 2021, la bonne cause n\u2019aura plus \u00e0 payer de droits de succession sur ce qu\u2019elle h\u00e9rite de vous. Le taux passera de 8,5 % \u00e0 0 %.<\/p>\n<p>\u00c0 compter du 1er juillet 2021, la m\u00eame r\u00e9glementation s\u2019appliquera si vous faites une donation entre vifs \u00e0 une bonne cause : la bonne cause ne sera alors redevable d\u2019aucun imp\u00f4t de donation (schenkbelasting). Actuellement, ce taux s\u2019\u00e9l\u00e8ve encore \u00e0 5,5 %. Les bonnes causes et testament.be esp\u00e8rent que cette r\u00e9duction de taux compensera la perte de revenus via la technique du legs en duo.<\/p>\n<\/div><\/section><\/div>\n\n<\/div><\/div><\/div><!-- close content main div --><\/div><\/div>\n<style type=\"text\/css\" data-created_by=\"avia_inline_auto\" id=\"style-css-av-kpmp43dl-098c86a7b362b9957d788451b6d99ea4\">\n.avia-section.av-kpmp43dl-098c86a7b362b9957d788451b6d99ea4{\nbackground-color:#f2f4f7;\nbackground-image:unset;\n}\n<\/style>\n<div id='av_section_4'  class='avia-section av-kpmp43dl-098c86a7b362b9957d788451b6d99ea4 main_color avia-section-default avia-no-border-styling  avia-builder-el-15  el_after_av_section  avia-builder-el-last  avia-bg-style-scroll container_wrap fullsize'  ><div class='container av-section-cont-open' ><div class='template-page content  av-content-full alpha units'><div class='post-entry post-entry-type-page post-entry-3218'><div class='entry-content-wrapper clearfix'>\n\n<style type=\"text\/css\" data-created_by=\"avia_inline_auto\" id=\"style-css-av-3q8gj6-a84bff4d6dc60dfd8080f5c9daff53ec\">\n.flex_column.av-3q8gj6-a84bff4d6dc60dfd8080f5c9daff53ec{\nborder-radius:0px 0px 0px 0px;\npadding:0px 0px 0px 0px;\n}\n<\/style>\n<div  class='flex_column av-3q8gj6-a84bff4d6dc60dfd8080f5c9daff53ec av_one_fifth  avia-builder-el-16  el_before_av_three_fifth  avia-builder-el-first  first flex_column_div av-zero-column-padding  '     ><\/div>\n<style type=\"text\/css\" data-created_by=\"avia_inline_auto\" id=\"style-css-av-23sz82-d9eef8531824fa0865101db142639980\">\n.flex_column.av-23sz82-d9eef8531824fa0865101db142639980{\nborder-radius:0px 0px 0px 0px;\npadding:0px 0px 0px 0px;\n}\n<\/style>\n<div  class='flex_column av-23sz82-d9eef8531824fa0865101db142639980 av_three_fifth  avia-builder-el-17  el_after_av_one_fifth  avia-builder-el-last  flex_column_div av-zero-column-padding  '     ><section  class='av_textblock_section av-kpmp3xn9-2b889022b2a3bab2a08a9128850626d8 '   itemscope=\"itemscope\" itemtype=\"https:\/\/schema.org\/CreativeWork\" ><div class='avia_textblock'  itemprop=\"text\" ><h3><span style=\"color: #003366;\">Prenez la bonne d\u00e9cision<\/span><\/h3>\n<p>Carla Reynders se fera un plaisir de r\u00e9pondre\u00a0\u00e0 vos questions. Tous les sujets\u00a0peuvent \u00eatre abord\u00e9s. Tout reste\u00a0confidentiel.<\/p>\n<ul>\n<li><strong>0495\u00a026 83 31<span style=\"color: #003366;\"> ou <a style=\"color: #003366;\" href=\"mailto:carla.reynders@mercyships.be\">carla.reynders@mercyships.be<\/a><\/span><\/strong><\/li>\n<\/ul>\n<p><span style=\"color: #003366;\">Vous souhaitez inclure Mercy Ships dans votre testament ? Dans ce cas, utilisez les donn\u00e9es suivantes :<\/span><\/p>\n<p>Mercy Ships Belgium asbl<br \/>\nExcelsiorln 89\/2, 1930 Zaventem<br \/>\nNum\u00e9ro d\u2019entreprise : <strong>BE 0821.900.695<\/strong><\/p>\n<\/div><\/section><\/div>\n","protected":false},"excerpt":{"rendered":"","protected":false},"author":3,"featured_media":100747,"parent":0,"menu_order":0,"comment_status":"closed","ping_status":"closed","template":"","meta":{"_acf_changed":false,"footnotes":""},"class_list":["post-3218","page","type-page","status-publish","has-post-thumbnail","hentry"],"acf":[],"_links":{"self":[{"href":"https:\/\/mercyships.be\/fr\/wp-json\/wp\/v2\/pages\/3218","targetHints":{"allow":["GET"]}}],"collection":[{"href":"https:\/\/mercyships.be\/fr\/wp-json\/wp\/v2\/pages"}],"about":[{"href":"https:\/\/mercyships.be\/fr\/wp-json\/wp\/v2\/types\/page"}],"author":[{"embeddable":true,"href":"https:\/\/mercyships.be\/fr\/wp-json\/wp\/v2\/users\/3"}],"replies":[{"embeddable":true,"href":"https:\/\/mercyships.be\/fr\/wp-json\/wp\/v2\/comments?post=3218"}],"version-history":[{"count":7,"href":"https:\/\/mercyships.be\/fr\/wp-json\/wp\/v2\/pages\/3218\/revisions"}],"predecessor-version":[{"id":124755,"href":"https:\/\/mercyships.be\/fr\/wp-json\/wp\/v2\/pages\/3218\/revisions\/124755"}],"wp:featuredmedia":[{"embeddable":true,"href":"https:\/\/mercyships.be\/fr\/wp-json\/wp\/v2\/media\/100747"}],"wp:attachment":[{"href":"https:\/\/mercyships.be\/fr\/wp-json\/wp\/v2\/media?parent=3218"}],"curies":[{"name":"wp","href":"https:\/\/api.w.org\/{rel}","templated":true}]}}